{"id":1004,"date":"2024-01-16T17:02:38","date_gmt":"2024-01-16T22:02:38","guid":{"rendered":"https:\/\/globalis-pa.com\/nuevo\/?post_type=product&#038;p=1004"},"modified":"2025-07-07T13:00:29","modified_gmt":"2025-07-07T18:00:29","slug":"detector-de-panel-plano-digital-para-mamografia","status":"publish","type":"product","link":"https:\/\/globalis-pa.com\/nuevo\/producto\/detector-de-panel-plano-digital-para-mamografia\/","title":{"rendered":"Detector Digital para Mamograf\u00eda"},"content":{"rendered":"<p>[et_pb_section fb_built=\u00bb1&#8243; _builder_version=\u00bb4.16&#8243; custom_padding=\u00bb0px||6px||false|false\u00bb global_colors_info=\u00bb{}\u00bb][et_pb_row _builder_version=\u00bb4.16&#8243; locked=\u00bboff\u00bb global_colors_info=\u00bb{}\u00bb][et_pb_column type=\u00bb4_4&#8243; _builder_version=\u00bb4.16&#8243; global_colors_info=\u00bb{}\u00bb][et_pb_image src=\u00bbhttps:\/\/globalis-pa.com\/nuevo\/wp-content\/uploads\/2024\/01\/cabezote-mamografia-32.jpg\u00bb title_text=\u00bbcabezote mamografia-32&#8243; _builder_version=\u00bb4.22.2&#8243; global_colors_info=\u00bb{}\u00bb show_bottom_space=\u00bboff\u00bb align=\u00bbcenter\u00bb background_enable_color=\u00bboff\u00bb custom_margin=\u00bb|0px||0px|false|false\u00bb custom_padding=\u00bb0px|0px|40px|0px|false|true\u00bb custom_padding_tablet=\u00bb30px|30px|30px|30px|true|true\u00bb custom_padding_phone=\u00bb20px|3px|20px|3px|true|true\u00bb custom_padding_last_edited=\u00bbon|phone\u00bb border_radii=\u00bboff|50px|50px||\u00bb box_shadow_style=\u00bbpreset1&#8243;][\/et_pb_image][\/et_pb_column][\/et_pb_row][et_pb_row column_structure=\u00bb1_2,1_2&#8243; _builder_version=\u00bb4.16&#8243; background_size=\u00bbinitial\u00bb background_position=\u00bbtop_left\u00bb background_repeat=\u00bbrepeat\u00bb width=\u00bb100%\u00bb custom_padding=\u00bb0px||||false|false\u00bb global_colors_info=\u00bb{}\u00bb][et_pb_column type=\u00bb1_2&#8243; _builder_version=\u00bb4.16&#8243; custom_padding=\u00bb|||\u00bb global_colors_info=\u00bb{}\u00bb custom_padding__hover=\u00bb|||\u00bb][et_pb_wc_gallery _builder_version=\u00bb4.22.2&#8243; _module_preset=\u00bbdefault\u00bb custom_margin=\u00bb||14px|||\u00bb auto=\u00bbon\u00bb auto_speed=\u00bb3000&#8243; global_colors_info=\u00bb{}\u00bb][\/et_pb_wc_gallery][\/et_pb_column][et_pb_column type=\u00bb1_2&#8243; _builder_version=\u00bb4.16&#8243; custom_padding=\u00bb|||\u00bb global_colors_info=\u00bb{}\u00bb custom_padding__hover=\u00bb|||\u00bb][et_pb_wc_title _builder_version=\u00bb4.22.2&#8243; header_font=\u00bbPoppins||||||||\u00bb header_text_color=\u00bb#6B6B6B\u00bb header_font_size=\u00bb22px\u00bb custom_margin=\u00bb32px|||||\u00bb global_colors_info=\u00bb{}\u00bb][\/et_pb_wc_title][et_pb_text _builder_version=\u00bb4.22.2&#8243; _module_preset=\u00bbdefault\u00bb text_font=\u00bbPoppins||||||||\u00bb text_text_color=\u00bb#E02B20&#8243; text_font_size=\u00bb17px\u00bb custom_margin=\u00bb-22px||-4px|||\u00bb custom_padding=\u00bb||10px|||\u00bb global_colors_info=\u00bb{}\u00bb]<\/p>\n<p>RSM-2430C ROSE-M<\/p>\n<p>[\/et_pb_text][et_pb_wc_price _builder_version=\u00bb4.16&#8243; custom_margin=\u00bb||39px|||\u00bb global_colors_info=\u00bb{}\u00bb][\/et_pb_wc_price][et_pb_wc_meta show_sku=\u00bboff\u00bb show_tags=\u00bboff\u00bb _builder_version=\u00bb4.22.2&#8243; custom_margin=\u00bb9px||6px|||\u00bb custom_padding=\u00bb2px|||||\u00bb global_colors_info=\u00bb{}\u00bb][\/et_pb_wc_meta][et_pb_image src=\u00bbhttps:\/\/globalis-pa.com\/nuevo\/wp-content\/uploads\/2024\/01\/WhatsApp-Image-2024-01-16-at-9.41.54-PM.jpeg\u00bb title_text=\u00bbWhatsApp Image 2024-01-16 at 9.41.54 PM\u00bb align=\u00bbcenter\u00bb _builder_version=\u00bb4.22.2&#8243; _module_preset=\u00bbdefault\u00bb max_width=\u00bb50%\u00bb custom_margin=\u00bb||3px|||\u00bb custom_padding=\u00bb22px|||||\u00bb global_colors_info=\u00bb{}\u00bb][\/et_pb_image][et_pb_button button_url=\u00bbhttps:\/\/globalis-pa.com\/nuevo\/contactanos\/\u00bb button_text=\u00bbCont\u00e1ctanos \u00bb button_alignment=\u00bbcenter\u00bb _builder_version=\u00bb4.22.2&#8243; custom_button=\u00bbon\u00bb button_text_size=\u00bb12px\u00bb button_text_color=\u00bb#e02b20&#8243; button_border_color=\u00bb#e02b20&#8243; button_border_radius=\u00bb0px\u00bb button_letter_spacing=\u00bb0px\u00bb button_font=\u00bbMontserrat|800|||||||\u00bb button_icon_color=\u00bb#751fff\u00bb custom_margin=\u00bb66px|||||\u00bb custom_padding=\u00bb10px|100px|10px|100px|true|true\u00bb locked=\u00bboff\u00bb global_colors_info=\u00bb{}\u00bb][\/et_pb_button][\/et_pb_column][\/et_pb_row][\/et_pb_section][et_pb_section fb_built=\u00bb1&#8243; module_id=\u00bbDESCRIPCION\u00bb _builder_version=\u00bb4.22.2&#8243; _module_preset=\u00bbdefault\u00bb custom_padding=\u00bb2px||1px|||\u00bb global_colors_info=\u00bb{}\u00bb][et_pb_row _builder_version=\u00bb4.22.2&#8243; _module_preset=\u00bbdefault\u00bb custom_padding=\u00bb||2px|||\u00bb global_colors_info=\u00bb{}\u00bb][et_pb_column type=\u00bb4_4&#8243; _builder_version=\u00bb4.22.2&#8243; _module_preset=\u00bbdefault\u00bb global_colors_info=\u00bb{}\u00bb][et_pb_text module_id=\u00bbDESCRIPCION\u00bb _builder_version=\u00bb4.22.2&#8243; _module_preset=\u00bbdefault\u00bb text_font=\u00bbPoppins||||||||\u00bb text_text_color=\u00bb#E02B20&#8243; text_letter_spacing=\u00bb2px\u00bb text_orientation=\u00bbcenter\u00bb border_width_bottom=\u00bb1px\u00bb border_color_bottom=\u00bb#E02B20&#8243; global_colors_info=\u00bb{}\u00bb]<\/p>\n<p>DESCRIPCI\u00d3N<\/p>\n<p>[\/et_pb_text][\/et_pb_column][\/et_pb_row][et_pb_row _builder_version=\u00bb4.22.2&#8243; _module_preset=\u00bbdefault\u00bb background_color=\u00bb#f7f7f7&#8243; custom_padding=\u00bb||11px|||\u00bb global_colors_info=\u00bb{}\u00bb][et_pb_column type=\u00bb4_4&#8243; _builder_version=\u00bb4.22.2&#8243; _module_preset=\u00bbdefault\u00bb global_colors_info=\u00bb{}\u00bb][et_pb_text _builder_version=\u00bb4.22.2&#8243; _module_preset=\u00bbdefault\u00bb text_font=\u00bbPoppins||||||||\u00bb text_orientation=\u00bbcenter\u00bb global_colors_info=\u00bb{}\u00bb]<\/p>\n<h1>Detector de panel plano digital para Mamograf\u00eda<\/h1>\n<p><span style=\"font-size: x-large;\">RSM-2430C ROSE-M<\/span><\/p>\n<p>[\/et_pb_text][et_pb_text _builder_version=\u00bb4.22.2&#8243; _module_preset=\u00bbdefault\u00bb text_font=\u00bbPoppins||||||||\u00bb text_line_height=\u00bb2.4em\u00bb text_orientation=\u00bbjustified\u00bb custom_margin=\u00bb|50px||50px|false|true\u00bb global_colors_info=\u00bb{}\u00bb]<\/p>\n<p>Primera soluci\u00f3n de actualizaci\u00f3n digital de mamograf\u00eda tipo casete.<br \/>Formato slim cassette que actualiza su sistema mamogr\u00e1fico convencional a Digital Directo para la realizaci\u00f3n de mamograf\u00edas digitales en un solo paso, disponiendo en 2 segundos de una vista previa y en 10 segundos de la imagen final en una potente y totalmente funcional estaci\u00f3n de trabajo con todas las herramientas necesarias para el manejo de los estudios, flujo de pacientes y procesamiento de las im\u00e1genes de alta calidad.<br \/>Alta compatibilidad con modo AEC<br \/>No se requiere ninguna modificaci\u00f3n del sistema<br \/>Adquisici\u00f3n r\u00e1pida de im\u00e1genes (Vista previa 2 seg., Completa 9 seg.)<br \/>Imagen de alta calidad con paso de p\u00edxel de 76\u03bcm y Herramienta Truview-Art<br \/>Examen m\u00f3vil \u2013 aplicaci\u00f3n en autob\u00fas<br \/>Software especializado para mamograf\u00eda, dise\u00f1ado y perfeccionado por radi\u00f3logos para beneficio del usuario<br \/>Funciones inteligentes:<br \/>La dispersi\u00f3n de la luz es removida y la nitidez de la imagen incrementada para Mejorar la detecci\u00f3n de anormalidades incluyendo micro-calcificaciones<br \/>9 opciones de estilo de imagen de acuerdo a la preferencia del usuario.<br \/>Con un clic, la distribuci\u00f3n de la imagen es ajustada.<br \/>Las im\u00e1genes actuales y anteriores del paciente pueden ser comparadas f\u00e1cilmente.<br \/>Inspecci\u00f3n r\u00e1pida de calidad de imagen.<br \/>12 idiomas diferentes.<\/p>\n<p><strong>DETECTOR DE PANEL PLANO- RSM-2430C<\/strong><br \/>\u202224X30\u00a8 De tipo AL\u00c1MBRICO con desposici\u00f3n directa de CsI<br \/>\u2022Paso de pixel : 76um<br \/>\u2022Resoluci\u00f3n : 3,840 x 3,072<br \/>\u2022Conversi\u00f3n A\/D : 16 bits<br \/>\u2022MTF : 65 a 3 lp\/mm<br \/>\u2022Tiempo de pre-visualizaci\u00f3n : 2 sec, despliegue de imagen : 8-9 sec<br \/>\u2022Peso : 1.2 kg<br \/>\u2022Dimensiones totales : 327.5 x 253.7 x 14.2 mm<br \/><strong><\/strong><\/p>\n<p><strong>PAQUETE EST\u00c1NDAR<\/strong><br \/>\u2022Detector de panel plano para mastograf\u00eda<br \/>\u2022CD con software : RCONSOLE, RCALI, Archivos Map, Manual<br \/>\u2022Licencia de Software \/ Hardware Dongle Key<br \/>\u2022RSM SSU02 : Unidad de Sincronizaci\u00f3n del Sistem<br \/>\u2022Phantom de Acr\u00edlico (260X340X40mm, Calibraci\u00f3n)<br \/>\u2022Caja para Phantom (260X340X40mm)<br \/>\u2022Cable de Alimentaci\u00f3n AC<br \/>\u2022RSM 2430C POE Cable 6M : Cable de Conexi\u00f3n para Detector<br \/>\u2022Cable LAN (2M, 10M)<br \/>\u2022Tarjeta LAN (PCI-E Type)ings.<\/p>\n<p>[\/et_pb_text][\/et_pb_column][\/et_pb_row][et_pb_row _builder_version=\u00bb4.22.2&#8243; _module_preset=\u00bbdefault\u00bb custom_padding=\u00bb0px||0px|||\u00bb global_colors_info=\u00bb{}\u00bb][et_pb_column type=\u00bb4_4&#8243; _builder_version=\u00bb4.22.2&#8243; _module_preset=\u00bbdefault\u00bb global_colors_info=\u00bb{}\u00bb][et_pb_button button_url=\u00bbhttps:\/\/globalis-pa.com\/nuevo\/wp-content\/uploads\/2024\/01\/Brochure_RSM_ES-20220421_compressed.pdf\u00bb url_new_window=\u00bbon\u00bb button_text=\u00bbDescargar PDF\u00bb button_alignment=\u00bbright\u00bb _builder_version=\u00bb4.22.2&#8243; _module_preset=\u00bbdefault\u00bb custom_button=\u00bbon\u00bb button_text_size=\u00bb12px\u00bb button_text_color=\u00bb#FFFFFF\u00bb button_bg_color=\u00bb#E02B20&#8243; button_border_width=\u00bb0px\u00bb button_border_radius=\u00bb45px\u00bb button_font=\u00bbPoppins||||||||\u00bb button_icon=\u00bb&#xf1c1;||fa||400&#8243; button_on_hover=\u00bboff\u00bb custom_margin=\u00bb16px|||||\u00bb global_colors_info=\u00bb{}\u00bb][\/et_pb_button][\/et_pb_column][\/et_pb_row][\/et_pb_section]<\/p>\n","protected":false},"excerpt":{"rendered":"<p>RSM-2430C ROSE-MDESCRIPCI\u00d3NDetector de panel plano digital para Mamograf\u00eda RSM-2430C ROSE-MPrimera soluci\u00f3n de actualizaci\u00f3n digital de mamograf\u00eda tipo casete.Formato slim cassette que actualiza su sistema mamogr\u00e1fico convencional a Digital Directo para la realizaci\u00f3n de mamograf\u00edas digitales en un solo paso, disponiendo en 2 segundos de una vista previa y en 10 segundos de la imagen final [&hellip;]<\/p>\n","protected":false},"featured_media":1007,"template":"","meta":{"_et_pb_use_builder":"on","_et_pb_old_content":"","_et_gb_content_width":""},"product_brand":[],"product_cat":[25],"product_tag":[53,41,47,42,51,46],"class_list":{"0":"post-1004","1":"product","2":"type-product","3":"status-publish","4":"has-post-thumbnail","6":"product_cat-detectores-digitales-para-mamografia","7":"product_tag-mamografia","8":"product_tag-monitor-clinico","9":"product_tag-monitor-de-diagnostico","10":"product_tag-monitor-medico","11":"product_tag-rayos-x","12":"product_tag-salud","14":"first","15":"instock","16":"downloadable","17":"shipping-taxable","18":"product-type-simple"},"_links":{"self":[{"href":"https:\/\/globalis-pa.com\/nuevo\/wp-json\/wp\/v2\/product\/1004","targetHints":{"allow":["GET"]}}],"collection":[{"href":"https:\/\/globalis-pa.com\/nuevo\/wp-json\/wp\/v2\/product"}],"about":[{"href":"https:\/\/globalis-pa.com\/nuevo\/wp-json\/wp\/v2\/types\/product"}],"wp:featuredmedia":[{"embeddable":true,"href":"https:\/\/globalis-pa.com\/nuevo\/wp-json\/wp\/v2\/media\/1007"}],"wp:attachment":[{"href":"https:\/\/globalis-pa.com\/nuevo\/wp-json\/wp\/v2\/media?parent=1004"}],"wp:term":[{"taxonomy":"product_brand","embeddable":true,"href":"https:\/\/globalis-pa.com\/nuevo\/wp-json\/wp\/v2\/product_brand?post=1004"},{"taxonomy":"product_cat","embeddable":true,"href":"https:\/\/globalis-pa.com\/nuevo\/wp-json\/wp\/v2\/product_cat?post=1004"},{"taxonomy":"product_tag","embeddable":true,"href":"https:\/\/globalis-pa.com\/nuevo\/wp-json\/wp\/v2\/product_tag?post=1004"}],"curies":[{"name":"wp","href":"https:\/\/api.w.org\/{rel}","templated":true}]}}