{"id":2106,"date":"2025-07-01T20:44:13","date_gmt":"2025-07-02T01:44:13","guid":{"rendered":"https:\/\/globalis-pa.com\/nuevo\/?page_id=2106"},"modified":"2025-07-03T20:22:33","modified_gmt":"2025-07-04T01:22:33","slug":"detectores-digitales-de-rayos-x-aspen","status":"publish","type":"page","link":"https:\/\/globalis-pa.com\/nuevo\/detectores-digitales-de-rayos-x-aspen\/","title":{"rendered":"Detectores Digitales de Rayos X ASPEN"},"content":{"rendered":"<p>[et_pb_section fb_built=\u00bb1&#8243; fullwidth=\u00bbon\u00bb _builder_version=\u00bb4.27.4&#8243; _module_preset=\u00bbdefault\u00bb global_colors_info=\u00bb{}\u00bb][et_pb_fullwidth_image src=\u00bbhttps:\/\/globalis-pa.com\/nuevo\/wp-content\/uploads\/2025\/07\/CABEZOTE-PANEL-ASPEN-scaled.png\u00bb title_text=\u00bbCABEZOTE PANEL ASPEN\u00bb _builder_version=\u00bb4.27.4&#8243; _module_preset=\u00bbdefault\u00bb global_colors_info=\u00bb{}\u00bb][\/et_pb_fullwidth_image][\/et_pb_section][et_pb_section fb_built=\u00bb1&#8243; _builder_version=\u00bb4.27.4&#8243; _module_preset=\u00bbdefault\u00bb global_colors_info=\u00bb{}\u00bb][et_pb_row column_structure=\u00bb1_3,1_3,1_3&#8243; _builder_version=\u00bb4.27.4&#8243; _module_preset=\u00bbdefault\u00bb global_colors_info=\u00bb{}\u00bb][et_pb_column type=\u00bb1_3&#8243; _builder_version=\u00bb4.27.4&#8243; _module_preset=\u00bbdefault\u00bb global_colors_info=\u00bb{}\u00bb][et_pb_blurb title=\u00bbRentable\u00bb image=\u00bbhttps:\/\/globalis-pa.com\/nuevo\/wp-content\/uploads\/2025\/07\/iconos-panel-TRNASP-10-e1751422638828.png\u00bb _builder_version=\u00bb4.27.4&#8243; _module_preset=\u00bbdefault\u00bb header_font=\u00bbPoppins||||||||\u00bb header_text_align=\u00bbcenter\u00bb header_font_size=\u00bb21px\u00bb body_font=\u00bbPoppins||||||||\u00bb custom_margin=\u00bb||||false|false\u00bb custom_padding=\u00bb20px|20px|20px|20px|true|true\u00bb child_mix_blend_mode=\u00bbcolor-dodge\u00bb animation_style=\u00bbfade\u00bb border_width_all=\u00bb1px\u00bb border_color_all=\u00bb#e8e8e8&#8243; global_colors_info=\u00bb{}\u00bb]<\/p>\n<p style=\"text-align: center;\"><span style=\"font-size: 14px; text-align: left;\">Soluci\u00f3n de ahorro de costes con resultados de calidad y alto retorno de la inversi\u00f3n<\/span><\/p>\n<p style=\"text-align: center;\"><span style=\"font-size: 14px; text-align: left;\"><\/span><\/p>\n<p>[\/et_pb_blurb][\/et_pb_column][et_pb_column type=\u00bb1_3&#8243; _builder_version=\u00bb4.27.4&#8243; _module_preset=\u00bbdefault\u00bb global_colors_info=\u00bb{}\u00bb][et_pb_blurb title=\u00bbAlta calidad de imagen\u00bb image=\u00bbhttps:\/\/globalis-pa.com\/nuevo\/wp-content\/uploads\/2025\/07\/iconos-panel-TRNASP-11-e1751422681922.png\u00bb _builder_version=\u00bb4.27.4&#8243; _module_preset=\u00bbdefault\u00bb header_font=\u00bbPoppins||||||||\u00bb header_text_align=\u00bbcenter\u00bb header_font_size=\u00bb21px\u00bb body_font=\u00bbPoppins||||||||\u00bb custom_margin=\u00bb||||false|false\u00bb custom_padding=\u00bb20px|20px|20px|20px|true|true\u00bb child_mix_blend_mode=\u00bbcolor-dodge\u00bb animation_style=\u00bbfade\u00bb border_width_all=\u00bb1px\u00bb border_color_all=\u00bb#e8e8e8&#8243; global_colors_info=\u00bb{}\u00bb]<\/p>\n<p style=\"text-align: center;\"><span style=\"font-size: 14px; text-align: left;\">iODR1417-GF produce im\u00e1genes de alta resoluci\u00f3n con un tama\u00f1o de p\u00edxel de 140 \u339b<\/span><\/p>\n<p><strong><span><span><\/span><\/span><\/strong><\/p>\n<p>[\/et_pb_blurb][\/et_pb_column][et_pb_column type=\u00bb1_3&#8243; _builder_version=\u00bb4.27.4&#8243; _module_preset=\u00bbdefault\u00bb global_colors_info=\u00bb{}\u00bb][et_pb_blurb title=\u00bbFuerte durabilidad\u00bb image=\u00bbhttps:\/\/globalis-pa.com\/nuevo\/wp-content\/uploads\/2025\/07\/iconos-panel-TRNASP-12-e1751422719226.png\u00bb _builder_version=\u00bb4.27.4&#8243; _module_preset=\u00bbdefault\u00bb header_font=\u00bbPoppins||||||||\u00bb header_text_align=\u00bbcenter\u00bb header_font_size=\u00bb21px\u00bb body_font=\u00bbPoppins||||||||\u00bb custom_margin=\u00bb||||false|false\u00bb custom_padding=\u00bb20px|20px|20px|20px|true|true\u00bb child_mix_blend_mode=\u00bbcolor-dodge\u00bb animation_style=\u00bbfade\u00bb border_width_all=\u00bb1px\u00bb border_color_all=\u00bb#e8e8e8&#8243; global_colors_info=\u00bb{}\u00bb]<\/p>\n<p><span><span>Incorpora tecnolog\u00eda de deposici\u00f3n directa de yoduro de cesio (CsI) para una mayor robustez.<\/span><\/span><\/p>\n<p><span><span><\/span><\/span><\/p>\n<p>[\/et_pb_blurb][\/et_pb_column][\/et_pb_row][et_pb_row _builder_version=\u00bb4.27.4&#8243; _module_preset=\u00bbdefault\u00bb global_colors_info=\u00bb{}\u00bb][et_pb_column type=\u00bb4_4&#8243; _builder_version=\u00bb4.27.4&#8243; _module_preset=\u00bbdefault\u00bb global_colors_info=\u00bb{}\u00bb][et_pb_tabs _builder_version=\u00bb4.27.4&#8243; _module_preset=\u00bbdefault\u00bb global_colors_info=\u00bb{}\u00bb][et_pb_tab title=\u00bbDISE\u00d1O SIN VIDRIO\u00bb _builder_version=\u00bb4.27.4&#8243; _module_preset=\u00bbdefault\u00bb background_image=\u00bbhttps:\/\/globalis-pa.com\/nuevo\/wp-content\/uploads\/2025\/07\/Captura-de-pantalla-2025-07-01-212531.png\u00bb background_enable_image=\u00bbon\u00bb custom_padding=\u00bb300px||||false|false\u00bb custom_padding_tablet=\u00bb300px||||false|false\u00bb custom_padding_phone=\u00bb70px||||false|true\u00bb custom_padding_last_edited=\u00bbon|phone\u00bb background_last_edited=\u00bbon|phone\u00bb global_colors_info=\u00bb{}\u00bb][\/et_pb_tab][et_pb_tab title=\u00bbALTA CALIDAD DE IMAGEN\u00bb _builder_version=\u00bb4.27.4&#8243; _module_preset=\u00bbdefault\u00bb background_image=\u00bbhttps:\/\/globalis-pa.com\/nuevo\/wp-content\/uploads\/2025\/07\/Captura-de-pantalla-2025-07-01-213214.png\u00bb background_enable_image=\u00bbon\u00bb custom_padding=\u00bb400px||||false|false\u00bb custom_padding_tablet=\u00bb400px||||false|false\u00bb custom_padding_phone=\u00bb95px||||false|false\u00bb custom_padding_last_edited=\u00bbon|phone\u00bb global_colors_info=\u00bb{}\u00bb][\/et_pb_tab][et_pb_tab title=\u00bbDURABILIDAD\u00bb _builder_version=\u00bb4.27.4&#8243; _module_preset=\u00bbdefault\u00bb background_image=\u00bbhttps:\/\/globalis-pa.com\/nuevo\/wp-content\/uploads\/2025\/07\/Captura-de-pantalla-2025-07-01-213441.png\u00bb background_enable_image=\u00bbon\u00bb custom_padding=\u00bb197px||||false|false\u00bb custom_padding_tablet=\u00bb197px||||false|false\u00bb custom_padding_phone=\u00bb48px||||false|false\u00bb custom_padding_last_edited=\u00bbon|phone\u00bb global_colors_info=\u00bb{}\u00bb][\/et_pb_tab][\/et_pb_tabs][\/et_pb_column][\/et_pb_row][et_pb_row _builder_version=\u00bb4.27.4&#8243; _module_preset=\u00bbdefault\u00bb global_colors_info=\u00bb{}\u00bb][et_pb_column type=\u00bb4_4&#8243; _builder_version=\u00bb4.27.4&#8243; _module_preset=\u00bbdefault\u00bb global_colors_info=\u00bb{}\u00bb][et_pb_text _builder_version=\u00bb4.27.4&#8243; _module_preset=\u00bbdefault\u00bb header_3_font=\u00bbPoppins|700|||||||\u00bb header_3_font_size=\u00bb31px\u00bb header_3_line_height=\u00bb1.5em\u00bb header_6_font=\u00bbPoppins|600|||||||\u00bb header_6_text_align=\u00bbcenter\u00bb header_6_text_color=\u00bb#878787&#8243; header_6_letter_spacing=\u00bb3px\u00bb global_colors_info=\u00bb{}\u00bb]<\/p>\n<h6 class=\"section-sub-title mb-20\" style=\"text-align: center;\"><span>DESCUBRA M\u00c1S<\/span><\/h6>\n<h3 class=\"section-title\" style=\"text-align: center;\"><span class=\"text-color-primary\" style=\"color: #0c71c3;\">Especificaci\u00f3n t\u00e9cnica<\/span><\/h3>\n<p>[\/et_pb_text][et_pb_image src=\u00bbhttps:\/\/globalis-pa.com\/nuevo\/wp-content\/uploads\/2025\/07\/especificaciones-panel-aspen-scaled.png\u00bb title_text=\u00bbespecificaciones panel aspen\u00bb _builder_version=\u00bb4.27.4&#8243; _module_preset=\u00bbdefault\u00bb global_colors_info=\u00bb{}\u00bb][\/et_pb_image][\/et_pb_column][\/et_pb_row][\/et_pb_section][et_pb_section fb_built=\u00bb1&#8243; fullwidth=\u00bbon\u00bb _builder_version=\u00bb4.27.4&#8243; _module_preset=\u00bbdefault\u00bb locked=\u00bboff\u00bb global_colors_info=\u00bb{}\u00bb][et_pb_fullwidth_header title=\u00bbExperimente im\u00e1genes superiores, rentabilidad y confiabilidad inigualable\u00bb button_one_text=\u00bbDescarga PDF \u00bb button_one_url=\u00bbhttps:\/\/globalis-pa.com\/nuevo\/wp-content\/uploads\/2025\/07\/iODR1417_Glass-Free-brochure_en-1.pdf\u00bb header_image_url=\u00bbhttps:\/\/globalis-pa.com\/nuevo\/wp-content\/uploads\/2025\/07\/mitech-call-to-action-image-global.png\u00bb _builder_version=\u00bb4.27.4&#8243; _module_preset=\u00bbdefault\u00bb title_font=\u00bbPoppins||||||||\u00bb title_font_size=\u00bb27px\u00bb title_line_height=\u00bb1.2em\u00bb background_color=\u00bb#086ad8&#8243; custom_button_one=\u00bbon\u00bb button_one_text_size=\u00bb11px\u00bb button_one_border_width=\u00bb1px\u00bb button_one_border_radius=\u00bb61px\u00bb button_one_icon=\u00bb&#xf1c1;||fa||400&#8243; button_one_on_hover=\u00bboff\u00bb custom_margin=\u00bb0px||0px||false|false\u00bb custom_padding=\u00bb0px||0px||false|false\u00bb global_colors_info=\u00bb{}\u00bb][\/et_pb_fullwidth_header][\/et_pb_section][et_pb_section fb_built=\u00bb1&#8243; _builder_version=\u00bb4.27.4&#8243; _module_preset=\u00bbdefault\u00bb global_colors_info=\u00bb{}\u00bb][et_pb_row _builder_version=\u00bb4.27.4&#8243; _module_preset=\u00bbdefault\u00bb global_colors_info=\u00bb{}\u00bb][et_pb_column type=\u00bb4_4&#8243; _builder_version=\u00bb4.27.4&#8243; _module_preset=\u00bbdefault\u00bb global_colors_info=\u00bb{}\u00bb][et_pb_text _builder_version=\u00bb4.27.4&#8243; _module_preset=\u00bbdefault\u00bb text_font=\u00bbPoppins|600|||||||\u00bb text_letter_spacing=\u00bb2px\u00bb header_3_font=\u00bbPoppins|700|||||||\u00bb header_3_font_size=\u00bb31px\u00bb header_3_line_height=\u00bb1.5em\u00bb header_6_font=\u00bbPoppins|600|||||||\u00bb header_6_text_align=\u00bbcenter\u00bb header_6_text_color=\u00bb#878787&#8243; header_6_letter_spacing=\u00bb3px\u00bb locked=\u00bboff\u00bb global_colors_info=\u00bb{}\u00bb]<\/p>\n<h3 class=\"section-title\" style=\"text-align: center;\"><span class=\"text-color-primary\" style=\"color: #0c71c3;\">Galer\u00eda<\/span><span> de fotos<\/span><\/h3>\n<p style=\"text-align: center;\"><span>IM\u00c1GENES DE PRODUCTO Y DIAGN\u00d3STICOS<\/span><\/p>\n<p>[\/et_pb_text][et_pb_gallery gallery_ids=\u00bb2134,2135,2136,2125,2140,2126,2127,2128,2129,2130,2131,2132,2133,2137,2138,2139&#8243; posts_number=\u00bb16&#8243; show_title_and_caption=\u00bboff\u00bb show_pagination=\u00bboff\u00bb _builder_version=\u00bb4.27.4&#8243; _module_preset=\u00bbdefault\u00bb global_colors_info=\u00bb{}\u00bb][\/et_pb_gallery][et_pb_button button_url=\u00bbhttps:\/\/globalis-pa.com\/nuevo\/contactanos\/\u00bb button_text=\u00bbCont\u00e1ctanos \u00bb button_alignment=\u00bbcenter\u00bb _builder_version=\u00bb4.22.2&#8243; custom_button=\u00bbon\u00bb button_text_size=\u00bb12px\u00bb button_text_color=\u00bb#e02b20&#8243; button_bg_color=\u00bbrgba(224,224,224,0.88)\u00bb button_border_width=\u00bb0px\u00bb button_border_color=\u00bb#e02b20&#8243; button_border_radius=\u00bb100px\u00bb button_letter_spacing=\u00bb0px\u00bb button_font=\u00bbMontserrat|600|||||||\u00bb button_use_icon=\u00bboff\u00bb custom_margin=\u00bb5px||||false|false\u00bb custom_padding=\u00bb10px|200px|10px|200px|true|true\u00bb locked=\u00bboff\u00bb global_colors_info=\u00bb{}\u00bb button_text_color__hover=\u00bb#FFFFFF\u00bb button_text_color__hover_enabled=\u00bbon|desktop\u00bb button_bg_color__hover=\u00bb#E02B20&#8243; button_bg_color__hover_enabled=\u00bbon|hover\u00bb][\/et_pb_button][\/et_pb_column][\/et_pb_row][\/et_pb_section]<\/p>\n","protected":false},"excerpt":{"rendered":"<p>Soluci\u00f3n de ahorro de costes con resultados de calidad y alto retorno de la inversi\u00f3n iODR1417-GF produce im\u00e1genes de alta resoluci\u00f3n con un tama\u00f1o de p\u00edxel de 140 \u339b Incorpora tecnolog\u00eda de deposici\u00f3n directa de yoduro de cesio (CsI) para una mayor robustez. DESCUBRA M\u00c1S Especificaci\u00f3n t\u00e9cnicaGaler\u00eda de fotos IM\u00c1GENES DE PRODUCTO Y DIAGN\u00d3STICOS<\/p>\n","protected":false},"author":1,"featured_media":0,"parent":0,"menu_order":0,"comment_status":"closed","ping_status":"closed","template":"","meta":{"_et_pb_use_builder":"on","_et_pb_old_content":"","_et_gb_content_width":"","footnotes":""},"class_list":["post-2106","page","type-page","status-publish","hentry"],"_links":{"self":[{"href":"https:\/\/globalis-pa.com\/nuevo\/wp-json\/wp\/v2\/pages\/2106","targetHints":{"allow":["GET"]}}],"collection":[{"href":"https:\/\/globalis-pa.com\/nuevo\/wp-json\/wp\/v2\/pages"}],"about":[{"href":"https:\/\/globalis-pa.com\/nuevo\/wp-json\/wp\/v2\/types\/page"}],"author":[{"embeddable":true,"href":"https:\/\/globalis-pa.com\/nuevo\/wp-json\/wp\/v2\/users\/1"}],"replies":[{"embeddable":true,"href":"https:\/\/globalis-pa.com\/nuevo\/wp-json\/wp\/v2\/comments?post=2106"}],"version-history":[{"count":6,"href":"https:\/\/globalis-pa.com\/nuevo\/wp-json\/wp\/v2\/pages\/2106\/revisions"}],"predecessor-version":[{"id":2185,"href":"https:\/\/globalis-pa.com\/nuevo\/wp-json\/wp\/v2\/pages\/2106\/revisions\/2185"}],"wp:attachment":[{"href":"https:\/\/globalis-pa.com\/nuevo\/wp-json\/wp\/v2\/media?parent=2106"}],"curies":[{"name":"wp","href":"https:\/\/api.w.org\/{rel}","templated":true}]}}