{"id":20,"date":"2023-09-19T09:24:05","date_gmt":"2023-09-19T14:24:05","guid":{"rendered":"https:\/\/globalis-pa.com\/nuevo\/?page_id=20"},"modified":"2025-01-28T16:52:25","modified_gmt":"2025-01-28T21:52:25","slug":"ris-pacs","status":"publish","type":"page","link":"https:\/\/globalis-pa.com\/nuevo\/ris-pacs\/","title":{"rendered":"RIS\/PACS"},"content":{"rendered":"<p>[et_pb_section fb_built=\u00bb1&#8243; admin_label=\u00bbHeader\u00bb _builder_version=\u00bb4.27.4&#8243; background_color=\u00bb#FFFFFF\u00bb min_height=\u00bb328px\u00bb custom_margin=\u00bb||-144px|||\u00bb custom_padding=\u00bb||0px|||\u00bb global_colors_info=\u00bb{}\u00bb][et_pb_row column_structure=\u00bb2_5,3_5&#8243; _builder_version=\u00bb4.27.4&#8243; _module_preset=\u00bbdefault\u00bb background_color=\u00bbRGBA(255,255,255,0)\u00bb custom_padding=\u00bb||36px|||\u00bb locked=\u00bboff\u00bb global_colors_info=\u00bb{}\u00bb][et_pb_column type=\u00bb2_5&#8243; _builder_version=\u00bb4.22.2&#8243; _module_preset=\u00bbdefault\u00bb global_colors_info=\u00bb{}\u00bb][et_pb_image src=\u00bbhttps:\/\/globalis-pa.com\/nuevo\/wp-content\/uploads\/2025\/01\/edenmedicalglobal_logo-letra-negra.jpg\u00bb title_text=\u00bbedenmedicalglobal_logo letra negra\u00bb align=\u00bbcenter\u00bb _builder_version=\u00bb4.27.4&#8243; _module_preset=\u00bbdefault\u00bb width=\u00bb68%\u00bb width_tablet=\u00bb68%\u00bb width_phone=\u00bb68%\u00bb width_last_edited=\u00bbon|desktop\u00bb custom_margin=\u00bb||-12px||false|false\u00bb global_colors_info=\u00bb{}\u00bb][\/et_pb_image][\/et_pb_column][et_pb_column type=\u00bb3_5&#8243; _builder_version=\u00bb4.22.2&#8243; _module_preset=\u00bbdefault\u00bb global_colors_info=\u00bb{}\u00bb][et_pb_text _builder_version=\u00bb4.27.4&#8243; _module_preset=\u00bbdefault\u00bb text_font=\u00bbPoppins||||||||\u00bb text_text_color=\u00bb#000000&#8243; text_font_size=\u00bb23px\u00bb background_enable_color=\u00bboff\u00bb text_orientation=\u00bbcenter\u00bb custom_margin=\u00bb31px|8px||8px|false|true\u00bb custom_margin_tablet=\u00bb0px|8px||8px|false|true\u00bb custom_margin_phone=\u00bb0px|8px||8px|false|true\u00bb custom_margin_last_edited=\u00bbon|phone\u00bb custom_padding=\u00bb0px|0px|0px|0px|true|true\u00bb animation_style=\u00bbslide\u00bb animation_duration=\u00bb5000ms\u00bb animation_speed_curve=\u00bbease\u00bb animation_repeat=\u00bbloop\u00bb text_font_size_tablet=\u00bb24px\u00bb text_font_size_phone=\u00bb18px\u00bb text_font_size_last_edited=\u00bbon|tablet\u00bb global_colors_info=\u00bb{}\u00bb]<\/p>\n<p style=\"text-align: center;\">Distribuidor autorizado para Latinoam\u00e9rica<\/p>\n<p>[\/et_pb_text][\/et_pb_column][\/et_pb_row][et_pb_row _builder_version=\u00bb4.27.4&#8243; _module_preset=\u00bbdefault\u00bb global_colors_info=\u00bb{}\u00bb][et_pb_column type=\u00bb4_4&#8243; _builder_version=\u00bb4.27.4&#8243; _module_preset=\u00bbdefault\u00bb global_colors_info=\u00bb{}\u00bb][et_pb_image src=\u00bbhttps:\/\/globalis-pa.com\/nuevo\/wp-content\/uploads\/2024\/12\/ris-pacs-encabezado-09-scaled.jpg\u00bb title_text=\u00bbris pacs encabezado-09&#8243; _builder_version=\u00bb4.27.4&#8243; _module_preset=\u00bbdefault\u00bb global_colors_info=\u00bb{}\u00bb][\/et_pb_image][et_pb_button button_url=\u00bbhttps:\/\/globalis-pa.com\/nuevo\/wp-content\/uploads\/2025\/01\/PRESENTACION-COMERCIAL-EDEN.pdf\u00bb url_new_window=\u00bbon\u00bb button_text=\u00bbDescargar PDF\u00bb button_alignment=\u00bbright\u00bb _builder_version=\u00bb4.22.2&#8243; _module_preset=\u00bbdefault\u00bb custom_button=\u00bbon\u00bb button_text_size=\u00bb12px\u00bb button_text_color=\u00bb#FFFFFF\u00bb button_bg_color=\u00bb#4c4c4c\u00bb button_border_width=\u00bb0px\u00bb button_border_radius=\u00bb45px\u00bb button_font=\u00bbPoppins||||||||\u00bb button_icon=\u00bb&#xf1c1;||fa||400&#8243; button_on_hover=\u00bboff\u00bb hover_enabled=\u00bb0&#8243; global_colors_info=\u00bb{}\u00bb locked=\u00bboff\u00bb button_bg_enable_color=\u00bbon\u00bb sticky_enabled=\u00bb0&#8243;][\/et_pb_button][\/et_pb_column][\/et_pb_row][et_pb_row column_structure=\u00bb1_3,1_3,1_3&#8243; use_custom_gutter=\u00bbon\u00bb gutter_width=\u00bb2&#8243; make_equal=\u00bbon\u00bb _builder_version=\u00bb4.27.4&#8243; locked=\u00bboff\u00bb global_colors_info=\u00bb{}\u00bb][et_pb_column type=\u00bb1_3&#8243; _builder_version=\u00bb4.27.4&#8243; background_color=\u00bb#FFFFFF\u00bb custom_padding=\u00bb|40px|40px|40px|false|true\u00bb custom_padding_tablet=\u00bb|30px|30px|30px|false|true\u00bb custom_padding_phone=\u00bb|20px|20px|20px|false|true\u00bb custom_padding_last_edited=\u00bbon|tablet\u00bb global_colors_info=\u00bb{}\u00bb][et_pb_image src=\u00bbhttps:\/\/globalis-pa.com\/nuevo\/wp-content\/uploads\/2025\/01\/11.png\u00bb title_text=\u00bb11&#8243; show_bottom_space=\u00bboff\u00bb align=\u00bbcenter\u00bb _builder_version=\u00bb4.27.4&#8243; custom_margin=\u00bb|-3px||-3px||\u00bb custom_padding=\u00bb44px|2px|44px|2px|true|true\u00bb custom_padding_tablet=\u00bb30px|30px|30px|30px|true|true\u00bb custom_padding_phone=\u00bb20px|3px|20px|3px|true|true\u00bb custom_padding_last_edited=\u00bbon|phone\u00bb animation_style=\u00bbslide\u00bb global_colors_info=\u00bb{}\u00bb][\/et_pb_image][et_pb_text _builder_version=\u00bb4.27.4&#8243; header_font=\u00bb||||||||\u00bb header_4_font=\u00bbPoppins|300|||||||\u00bb header_4_text_color=\u00bb#000000&#8243; header_4_line_height=\u00bb1.5em\u00bb custom_margin=\u00bb||0px||false|false\u00bb custom_padding=\u00bb||28px|||\u00bb header_4_font_size_tablet=\u00bb16px\u00bb header_4_font_size_phone=\u00bb14px\u00bb header_4_font_size_last_edited=\u00bbon|desktop\u00bb locked=\u00bboff\u00bb global_colors_info=\u00bb{}\u00bb]<\/p>\n<h4><strong>eden<\/strong>pacs<\/h4>\n<p>El PACS en nube m\u00e1s avanzado.<\/p>\n<p><strong><\/strong><\/p>\n<p>[\/et_pb_text][et_pb_button button_url=\u00bbhttps:\/\/globalis-pa.com\/nuevo\/edenpacs\/\u00bb button_text=\u00bbConoce m\u00e1s\u00bb _builder_version=\u00bb4.27.4&#8243; custom_button=\u00bbon\u00bb button_text_size=\u00bb12px\u00bb button_text_color=\u00bb#e02b20&#8243; button_border_color=\u00bb#e02b20&#8243; button_border_radius=\u00bb0px\u00bb button_letter_spacing=\u00bb0px\u00bb button_font=\u00bbMontserrat|800|||||||\u00bb button_icon_color=\u00bb#751fff\u00bb custom_padding=\u00bb10px|20px|10px|20px|true|true\u00bb locked=\u00bboff\u00bb global_colors_info=\u00bb{}\u00bb][\/et_pb_button][\/et_pb_column][et_pb_column type=\u00bb1_3&#8243; _builder_version=\u00bb4.22.2&#8243; background_color=\u00bb#ffffff\u00bb custom_padding=\u00bb|40px|40px|40px|false|true\u00bb custom_padding_tablet=\u00bb|30px|30px|30px|false|true\u00bb custom_padding_phone=\u00bb|20px|20px|20px|false|true\u00bb custom_padding_last_edited=\u00bbon|tablet\u00bb border_color_all=\u00bb#e02b20&#8243; global_colors_info=\u00bb{}\u00bb][et_pb_image src=\u00bbhttps:\/\/globalis-pa.com\/nuevo\/wp-content\/uploads\/2025\/01\/647901c9ca904c3232a42539_barra-productos-eden-management-p-1080.png\u00bb title_text=\u00bb647901c9ca904c3232a42539_barra-productos-eden-management-p-1080&#8243; show_bottom_space=\u00bboff\u00bb align=\u00bbcenter\u00bb _builder_version=\u00bb4.27.4&#8243; custom_margin=\u00bb|-3px||-3px||\u00bb custom_padding=\u00bb5px|2px|5px|2px|true|true\u00bb custom_padding_tablet=\u00bb30px|30px|30px|30px|true|true\u00bb custom_padding_phone=\u00bb20px|3px|20px|3px|true|true\u00bb custom_padding_last_edited=\u00bbon|phone\u00bb animation_style=\u00bbslide\u00bb global_colors_info=\u00bb{}\u00bb][\/et_pb_image][et_pb_text _builder_version=\u00bb4.27.4&#8243; header_font=\u00bb||||||||\u00bb header_4_font=\u00bbPoppins|300|||||||\u00bb header_4_text_color=\u00bb#000000&#8243; header_4_line_height=\u00bb1.5em\u00bb custom_margin=\u00bb||0px||false|false\u00bb custom_padding=\u00bb||24px|||\u00bb header_4_font_size_tablet=\u00bb16px\u00bb header_4_font_size_phone=\u00bb14px\u00bb header_4_font_size_last_edited=\u00bbon|desktop\u00bb locked=\u00bboff\u00bb global_colors_info=\u00bb{}\u00bb]<\/p>\n<h4><strong>eden<\/strong>management<\/h4>\n<p>Toda tu operaci\u00f3n en un solo lugar.\u00a0<\/p>\n<p><strong><\/strong><\/p>\n<p>[\/et_pb_text][et_pb_button button_url=\u00bbhttps:\/\/globalis-pa.com\/nuevo\/edenmanagement\/\u00bb button_text=\u00bbConoce m\u00e1s\u00bb _builder_version=\u00bb4.27.4&#8243; custom_button=\u00bbon\u00bb button_text_size=\u00bb12px\u00bb button_text_color=\u00bb#e02b20&#8243; button_border_color=\u00bb#e02b20&#8243; button_border_radius=\u00bb0px\u00bb button_letter_spacing=\u00bb0px\u00bb button_font=\u00bbMontserrat|800|||||||\u00bb button_icon_color=\u00bb#751fff\u00bb custom_padding=\u00bb10px|20px|10px|20px|true|true\u00bb locked=\u00bboff\u00bb global_colors_info=\u00bb{}\u00bb][\/et_pb_button][\/et_pb_column][et_pb_column type=\u00bb1_3&#8243; _builder_version=\u00bb4.22.2&#8243; background_color=\u00bb#ffffff\u00bb custom_padding=\u00bb|40px|40px|40px|false|true\u00bb custom_padding_tablet=\u00bb|30px|30px|30px|false|true\u00bb custom_padding_phone=\u00bb|20px|20px|20px|false|true\u00bb custom_padding_last_edited=\u00bbon|tablet\u00bb border_color_all=\u00bb#e02b20&#8243; global_colors_info=\u00bb{}\u00bb][et_pb_image src=\u00bbhttps:\/\/globalis-pa.com\/nuevo\/wp-content\/uploads\/2025\/01\/22.png\u00bb title_text=\u00bb22&#8243; show_bottom_space=\u00bboff\u00bb align=\u00bbcenter\u00bb _builder_version=\u00bb4.27.4&#8243; custom_margin=\u00bb|-3px||-3px||\u00bb custom_padding=\u00bb26px|2px|26px|2px|true|true\u00bb custom_padding_tablet=\u00bb30px|30px|30px|30px|true|true\u00bb custom_padding_phone=\u00bb20px|3px|20px|3px|true|true\u00bb custom_padding_last_edited=\u00bbon|phone\u00bb animation_style=\u00bbslide\u00bb global_colors_info=\u00bb{}\u00bb][\/et_pb_image][et_pb_text _builder_version=\u00bb4.27.4&#8243; header_font=\u00bb||||||||\u00bb header_4_font=\u00bbPoppins|300|||||||\u00bb header_4_text_color=\u00bb#000000&#8243; header_4_line_height=\u00bb1.5em\u00bb custom_margin=\u00bb||0px||false|false\u00bb header_4_font_size_tablet=\u00bb16px\u00bb header_4_font_size_phone=\u00bb14px\u00bb header_4_font_size_last_edited=\u00bbon|desktop\u00bb locked=\u00bboff\u00bb global_colors_info=\u00bb{}\u00bb]<\/p>\n<h4><strong>eden<\/strong>intelligence<\/h4>\n<p>La productividad de tu instituci\u00f3n m\u00e9dica potenciada por datos.<\/p>\n<p><strong><\/strong><\/p>\n<p>[\/et_pb_text][et_pb_button button_url=\u00bbhttps:\/\/globalis-pa.com\/nuevo\/edenintelligence\/\u00bb button_text=\u00bbConoce m\u00e1s\u00bb _builder_version=\u00bb4.27.4&#8243; custom_button=\u00bbon\u00bb button_text_size=\u00bb12px\u00bb button_text_color=\u00bb#e02b20&#8243; button_border_color=\u00bb#e02b20&#8243; button_border_radius=\u00bb0px\u00bb button_letter_spacing=\u00bb0px\u00bb button_font=\u00bbMontserrat|800|||||||\u00bb button_icon_color=\u00bb#751fff\u00bb custom_padding=\u00bb10px|20px|10px|20px|true|true\u00bb locked=\u00bboff\u00bb global_colors_info=\u00bb{}\u00bb][\/et_pb_button][\/et_pb_column][\/et_pb_row][et_pb_row column_structure=\u00bb2_5,3_5&#8243; _builder_version=\u00bb4.27.4&#8243; _module_preset=\u00bbdefault\u00bb global_colors_info=\u00bb{}\u00bb][et_pb_column type=\u00bb2_5&#8243; _builder_version=\u00bb4.27.4&#8243; _module_preset=\u00bbdefault\u00bb global_colors_info=\u00bb{}\u00bb][et_pb_text _builder_version=\u00bb4.27.4&#8243; _module_preset=\u00bbdefault\u00bb header_font=\u00bbPoppins||||||||\u00bb header_font_size=\u00bb36px\u00bb custom_margin=\u00bb||26px|||\u00bb custom_padding=\u00bb35px|||||\u00bb global_colors_info=\u00bb{}\u00bb]<\/p>\n<h1 class=\"heading title-sub-2\"><span style=\"text-decoration: underline;\"><span class=\"text-span-40 txt-hack-underline\" style=\"font-size: xx-large;\">Productos<\/span><\/span><\/h1>\n<h1 class=\"heading title-sub-2\"><span style=\"text-decoration: underline;\"><span class=\"text-span-40 txt-hack-underline\" style=\"font-size: xx-large;\">excepcionales<\/span><\/span><\/h1>\n<h1 class=\"heading title-sub-2\"><span style=\"font-size: xx-large;\">para una atenci\u00f3n<\/span><\/h1>\n<h1 class=\"heading title-sub-2\"><span style=\"font-size: xx-large;\">m\u00e9dica<\/span><\/h1>\n<h1 class=\"heading title-sub-2\"><span class=\"text-span-41\" style=\"font-size: xx-large; color: #0e1af9;\">extraordinaria.<\/span><\/h1>\n<p>[\/et_pb_text][et_pb_text _builder_version=\u00bb4.27.4&#8243; _module_preset=\u00bbdefault\u00bb global_colors_info=\u00bb{}\u00bb]<\/p>\n<p><span>El RIS\/PACS en nube l\u00edder del mercado.<\/span><\/p>\n<p>[\/et_pb_text][\/et_pb_column][et_pb_column type=\u00bb3_5&#8243; _builder_version=\u00bb4.27.4&#8243; _module_preset=\u00bbdefault\u00bb global_colors_info=\u00bb{}\u00bb][et_pb_divider show_divider=\u00bboff\u00bb show_divider_tablet=\u00bboff\u00bb show_divider_phone=\u00bboff\u00bb show_divider_last_edited=\u00bbon|phone\u00bb _builder_version=\u00bb4.27.4&#8243; _module_preset=\u00bbdefault\u00bb background_video_mp4=\u00bbhttps:\/\/globalis-pa.com\/nuevo\/wp-content\/uploads\/2025\/01\/650a31c0636bae0cb87dd214_fixed_Hero-transcode.mp4&#8243; custom_margin=\u00bb2px||-3px|||\u00bb custom_padding=\u00bb||469px|||\u00bb custom_padding_tablet=\u00bb||469px|||\u00bb custom_padding_phone=\u00bb||219px||false|false\u00bb custom_padding_last_edited=\u00bbon|phone\u00bb global_colors_info=\u00bb{}\u00bb][\/et_pb_divider][et_pb_button button_url=\u00bbhttps:\/\/wa.me\/+50769784709&#8243; button_text=\u00bbAgenda tu demostraci\u00f3n\u00bb button_alignment=\u00bbright\u00bb _builder_version=\u00bb4.27.4&#8243; custom_button=\u00bbon\u00bb button_text_size=\u00bb12px\u00bb button_text_color=\u00bb#545454&#8243; button_border_color=\u00bb#545454&#8243; button_border_radius=\u00bb0px\u00bb button_letter_spacing=\u00bb0px\u00bb button_font=\u00bbMontserrat|800|||||||\u00bb button_icon=\u00bb&#x24;||divi||400&#8243; button_icon_color=\u00bb#E02B20&#8243; custom_margin=\u00bb14px|||||\u00bb custom_padding=\u00bb10px|20px|10px|20px|true|true\u00bb locked=\u00bboff\u00bb global_colors_info=\u00bb{}\u00bb][\/et_pb_button][\/et_pb_column][\/et_pb_row][et_pb_row column_structure=\u00bb2_5,3_5&#8243; _builder_version=\u00bb4.27.4&#8243; _module_preset=\u00bbdefault\u00bb background_color=\u00bb#141619&#8243; custom_padding=\u00bb71px|||||\u00bb global_colors_info=\u00bb{}\u00bb][et_pb_column type=\u00bb2_5&#8243; _builder_version=\u00bb4.27.4&#8243; _module_preset=\u00bbdefault\u00bb global_colors_info=\u00bb{}\u00bb][et_pb_text _builder_version=\u00bb4.27.4&#8243; _module_preset=\u00bbdefault\u00bb header_3_font=\u00bbPoppins||||||||\u00bb header_3_text_color=\u00bb#0400F0&#8243; header_3_font_size=\u00bb55px\u00bb custom_margin=\u00bb|||60px|false|false\u00bb global_colors_info=\u00bb{}\u00bb]<\/p>\n<h3 class=\"heading-style-h4-2 text-color-white\">1B+<\/h3>\n<p>[\/et_pb_text][et_pb_text _builder_version=\u00bb4.27.4&#8243; _module_preset=\u00bbdefault\u00bb text_text_color=\u00bb#FFFFFF\u00bb text_line_height=\u00bb1.4em\u00bb header_3_font=\u00bbPoppins||||||||\u00bb header_3_text_color=\u00bb#0400F0&#8243; header_3_font_size=\u00bb37px\u00bb header_4_font=\u00bbPoppins||||||||\u00bb header_4_text_color=\u00bb#FFFFFF\u00bb custom_margin=\u00bb|||60px|false|false\u00bb global_colors_info=\u00bb{}\u00bb]<\/p>\n<h4 class=\"heading-24\"><span style=\"font-size: 18px;\">M\u00e1s de 1000\u202fM de estudios procesados anualmente.<\/span><\/h4>\n<p class=\"text-color-white\">Imaginamos y desarrollamos la tecnolog\u00eda m\u00e1s vanguardista, con el paciente en el centro de todo.<\/p>\n<p>[\/et_pb_text][\/et_pb_column][et_pb_column type=\u00bb3_5&#8243; _builder_version=\u00bb4.27.4&#8243; _module_preset=\u00bbdefault\u00bb global_colors_info=\u00bb{}\u00bb][et_pb_text _builder_version=\u00bb4.27.4&#8243; _module_preset=\u00bbdefault\u00bb header_3_font=\u00bbPoppins||||||||\u00bb header_3_text_color=\u00bb#0400F0&#8243; header_3_font_size=\u00bb55px\u00bb custom_margin=\u00bb|2px||60px|false|false\u00bb custom_padding=\u00bb|62px||||\u00bb global_colors_info=\u00bb{}\u00bb]<\/p>\n<h3 class=\"heading-style-h4-2 text-color-white\">2100+<\/h3>\n<p>[\/et_pb_text][et_pb_text _builder_version=\u00bb4.27.4&#8243; _module_preset=\u00bbdefault\u00bb text_text_color=\u00bb#FFFFFF\u00bb text_line_height=\u00bb1.4em\u00bb header_3_font=\u00bbPoppins||||||||\u00bb header_3_text_color=\u00bb#0400F0&#8243; header_3_font_size=\u00bb37px\u00bb header_4_font=\u00bbPoppins||||||||\u00bb header_4_text_color=\u00bb#FFFFFF\u00bb custom_margin=\u00bb|4px||60px|false|false\u00bb global_colors_info=\u00bb{}\u00bb]<\/p>\n<h4 class=\"heading-24\">M\u00e1s de 2100 instituciones en 17 pa\u00edses de Latinoam\u00e9rica.<\/h4>\n<p class=\"text-color-white\"><span>Cobertura en la Rep\u00fablica Mexicana y en todo el continente.<\/span><\/p>\n<p>[\/et_pb_text][\/et_pb_column][\/et_pb_row][et_pb_row column_structure=\u00bb2_5,3_5&#8243; _builder_version=\u00bb4.27.4&#8243; _module_preset=\u00bbdefault\u00bb background_color=\u00bb#141619&#8243; custom_padding=\u00bb71px|||||\u00bb global_colors_info=\u00bb{}\u00bb][et_pb_column type=\u00bb2_5&#8243; _builder_version=\u00bb4.27.4&#8243; _module_preset=\u00bbdefault\u00bb global_colors_info=\u00bb{}\u00bb][et_pb_text _builder_version=\u00bb4.27.4&#8243; _module_preset=\u00bbdefault\u00bb header_3_font=\u00bbPoppins||||||||\u00bb header_3_text_color=\u00bb#0400F0&#8243; header_3_font_size=\u00bb55px\u00bb custom_margin=\u00bb|||60px|false|false\u00bb global_colors_info=\u00bb{}\u00bb]<\/p>\n<h3 class=\"heading-style-h4-2 text-color-white\">75%<\/h3>\n<p>[\/et_pb_text][et_pb_text _builder_version=\u00bb4.27.4&#8243; _module_preset=\u00bbdefault\u00bb text_text_color=\u00bb#FFFFFF\u00bb text_line_height=\u00bb1.4em\u00bb header_3_font=\u00bbPoppins||||||||\u00bb header_3_text_color=\u00bb#0400F0&#8243; header_3_font_size=\u00bb37px\u00bb header_4_font=\u00bbPoppins||||||||\u00bb header_4_text_color=\u00bb#FFFFFF\u00bb custom_margin=\u00bb|||60px|false|false\u00bb global_colors_info=\u00bb{}\u00bb]<\/p>\n<h4 class=\"heading-24 description-text-section2\">En M\u00e9xico, el 75% de los radi\u00f3logos usan Eden todos los d\u00edas.<\/h4>\n<p class=\"text-color-white\"><span>La innovaci\u00f3n es parte de nuestro ADN. Somos referentes de transformaci\u00f3n digital en el sector salud.<\/span><\/p>\n<p>[\/et_pb_text][\/et_pb_column][et_pb_column type=\u00bb3_5&#8243; _builder_version=\u00bb4.27.4&#8243; _module_preset=\u00bbdefault\u00bb global_colors_info=\u00bb{}\u00bb][et_pb_divider show_divider=\u00bboff\u00bb _builder_version=\u00bb4.27.4&#8243; _module_preset=\u00bbdefault\u00bb background_video_mp4=\u00bbhttps:\/\/globalis-pa.com\/nuevo\/wp-content\/uploads\/2025\/01\/64e015d2d9f2b6bb25bfe992_mpr-opt-transcode.mp4&#8243; custom_padding=\u00bb|44px|471px|||\u00bb custom_padding_tablet=\u00bb||467px||false|false\u00bb custom_padding_phone=\u00bb||199px||false|false\u00bb custom_padding_last_edited=\u00bbon|phone\u00bb global_colors_info=\u00bb{}\u00bb][\/et_pb_divider][\/et_pb_column][\/et_pb_row][et_pb_row _builder_version=\u00bb4.27.4&#8243; _module_preset=\u00bbdefault\u00bb custom_padding=\u00bb38px|||||\u00bb global_colors_info=\u00bb{}\u00bb][et_pb_column type=\u00bb4_4&#8243; _builder_version=\u00bb4.27.4&#8243; _module_preset=\u00bbdefault\u00bb global_colors_info=\u00bb{}\u00bb][et_pb_text _builder_version=\u00bb4.27.4&#8243; _module_preset=\u00bbdefault\u00bb header_2_font=\u00bbPoppins||||||||\u00bb global_colors_info=\u00bb{}\u00bb]<\/p>\n<h2 class=\"heading-3 products-hd\" style=\"text-align: center;\"><span style=\"font-size: xx-large;\">La revoluci\u00f3n\u00a0<span class=\"text-span-2\" style=\"color: #0651d5;\">PACS<\/span>\u00a0fue solo el inicio.<\/span><\/h2>\n<p>[\/et_pb_text][et_pb_button button_url=\u00bbhttps:\/\/globalis-pa.com\/nuevo\/wp-content\/uploads\/2025\/01\/PRESENTACION-COMERCIAL-EDEN.pdf\u00bb url_new_window=\u00bbon\u00bb button_text=\u00bbDescargar PDF\u00bb button_alignment=\u00bbright\u00bb _builder_version=\u00bb4.22.2&#8243; _module_preset=\u00bbdefault\u00bb custom_button=\u00bbon\u00bb button_text_size=\u00bb12px\u00bb button_text_color=\u00bb#FFFFFF\u00bb button_bg_color=\u00bb#4c4c4c\u00bb button_border_width=\u00bb0px\u00bb button_border_radius=\u00bb45px\u00bb button_font=\u00bbPoppins||||||||\u00bb button_icon=\u00bb&#xf1c1;||fa||400&#8243; button_on_hover=\u00bboff\u00bb hover_enabled=\u00bb0&#8243; global_colors_info=\u00bb{}\u00bb locked=\u00bboff\u00bb button_bg_enable_color=\u00bbon\u00bb sticky_enabled=\u00bb0&#8243;][\/et_pb_button][\/et_pb_column][\/et_pb_row][et_pb_row _builder_version=\u00bb4.22.2&#8243; _module_preset=\u00bbdefault\u00bb custom_padding=\u00bb16px|||||\u00bb global_colors_info=\u00bb{}\u00bb][et_pb_column type=\u00bb4_4&#8243; _builder_version=\u00bb4.22.2&#8243; _module_preset=\u00bbdefault\u00bb global_colors_info=\u00bb{}\u00bb][et_pb_wc_related_products posts_number=\u00bb5&#8243; columns_number=\u00bb5&#8243; include_categories=\u00bb21,22,23&#8243; _builder_version=\u00bb4.22.2&#8243; _module_preset=\u00bbdefault\u00bb title_font=\u00bbPoppins|600|||||||\u00bb title_text_color=\u00bb#E02B20&#8243; title_font_size=\u00bb16px\u00bb product_title_font=\u00bbPoppins||||||||\u00bb product_title_text_color=\u00bb#E02B20&#8243; product_title_font_size=\u00bb16px\u00bb text_orientation=\u00bbleft\u00bb custom_margin=\u00bb33px|||||\u00bb global_colors_info=\u00bb{}\u00bb][\/et_pb_wc_related_products][\/et_pb_column][\/et_pb_row][\/et_pb_section]<\/p>\n","protected":false},"excerpt":{"rendered":"<p>Distribuidor autorizado para Latinoam\u00e9ricaedenpacs El PACS en nube m\u00e1s avanzado. edenmanagement Toda tu operaci\u00f3n en un solo lugar.\u00a0 edenintelligence La productividad de tu instituci\u00f3n m\u00e9dica potenciada por datos. Productos excepcionales para una atenci\u00f3n m\u00e9dica extraordinaria.El RIS\/PACS en nube l\u00edder del mercado.1B+M\u00e1s de 1000\u202fM de estudios procesados anualmente. Imaginamos y desarrollamos la tecnolog\u00eda m\u00e1s vanguardista, con [&hellip;]<\/p>\n","protected":false},"author":1,"featured_media":0,"parent":0,"menu_order":0,"comment_status":"closed","ping_status":"closed","template":"","meta":{"_et_pb_use_builder":"on","_et_pb_old_content":"","_et_gb_content_width":"","footnotes":""},"class_list":["post-20","page","type-page","status-publish","hentry"],"_links":{"self":[{"href":"https:\/\/globalis-pa.com\/nuevo\/wp-json\/wp\/v2\/pages\/20","targetHints":{"allow":["GET"]}}],"collection":[{"href":"https:\/\/globalis-pa.com\/nuevo\/wp-json\/wp\/v2\/pages"}],"about":[{"href":"https:\/\/globalis-pa.com\/nuevo\/wp-json\/wp\/v2\/types\/page"}],"author":[{"embeddable":true,"href":"https:\/\/globalis-pa.com\/nuevo\/wp-json\/wp\/v2\/users\/1"}],"replies":[{"embeddable":true,"href":"https:\/\/globalis-pa.com\/nuevo\/wp-json\/wp\/v2\/comments?post=20"}],"version-history":[{"count":39,"href":"https:\/\/globalis-pa.com\/nuevo\/wp-json\/wp\/v2\/pages\/20\/revisions"}],"predecessor-version":[{"id":1956,"href":"https:\/\/globalis-pa.com\/nuevo\/wp-json\/wp\/v2\/pages\/20\/revisions\/1956"}],"wp:attachment":[{"href":"https:\/\/globalis-pa.com\/nuevo\/wp-json\/wp\/v2\/media?parent=20"}],"curies":[{"name":"wp","href":"https:\/\/api.w.org\/{rel}","templated":true}]}}