{"id":1982,"date":"2025-06-24T18:48:23","date_gmt":"2025-06-24T23:48:23","guid":{"rendered":"https:\/\/globalis-pa.com\/nuevo\/?page_id=1982"},"modified":"2025-07-07T15:42:01","modified_gmt":"2025-07-07T20:42:01","slug":"lg","status":"publish","type":"page","link":"https:\/\/globalis-pa.com\/nuevo\/lg\/","title":{"rendered":"LG"},"content":{"rendered":"<p>[et_pb_section fb_built=\u00bb1&#8243; admin_label=\u00bbHeader\u00bb _builder_version=\u00bb4.16&#8243; background_color=\u00bb#f6f7fb\u00bb min_height=\u00bb328px\u00bb custom_margin=\u00bb||-144px|||\u00bb custom_padding=\u00bb||0px|||\u00bb global_colors_info=\u00bb{}\u00bb][et_pb_row _builder_version=\u00bb4.16&#8243; global_colors_info=\u00bb{}\u00bb][et_pb_column type=\u00bb4_4&#8243; _builder_version=\u00bb4.16&#8243; global_colors_info=\u00bb{}\u00bb][et_pb_image src=\u00bbhttps:\/\/globalis-pa.com\/nuevo\/wp-content\/uploads\/2025\/06\/LG-CATEGORIA-11.jpg\u00bb title_text=\u00bbLG CATEGORIA-11&#8243; show_bottom_space=\u00bboff\u00bb align=\u00bbcenter\u00bb _builder_version=\u00bb4.27.4&#8243; background_enable_color=\u00bboff\u00bb custom_margin=\u00bb|0px||0px|false|false\u00bb custom_padding=\u00bb0px|0px|40px|0px|false|true\u00bb custom_padding_tablet=\u00bb30px|30px|30px|30px|true|true\u00bb custom_padding_phone=\u00bb20px|3px|20px|3px|true|true\u00bb custom_padding_last_edited=\u00bbon|phone\u00bb border_radii=\u00bboff|50px|50px||\u00bb box_shadow_style=\u00bbpreset1&#8243; global_colors_info=\u00bb{}\u00bb][\/et_pb_image][\/et_pb_column][\/et_pb_row][\/et_pb_section][et_pb_section fb_built=\u00bb1&#8243; admin_label=\u00bbCategories\u00bb _builder_version=\u00bb4.16&#8243; background_color=\u00bb#f6f7fb\u00bb custom_margin=\u00bb||||false|false\u00bb global_colors_info=\u00bb{}\u00bb][et_pb_row column_structure=\u00bb1_2,1_2&#8243; use_custom_gutter=\u00bbon\u00bb gutter_width=\u00bb2&#8243; make_equal=\u00bbon\u00bb _builder_version=\u00bb4.27.4&#8243; global_colors_info=\u00bb{}\u00bb][et_pb_column type=\u00bb1_2&#8243; _builder_version=\u00bb4.27.4&#8243; background_enable_color=\u00bboff\u00bb custom_padding=\u00bb|40px|40px|40px|false|true\u00bb custom_padding_tablet=\u00bb|30px|30px|30px|false|true\u00bb custom_padding_phone=\u00bb|20px|20px|20px|false|true\u00bb custom_padding_last_edited=\u00bbon|tablet\u00bb global_colors_info=\u00bb{}\u00bb][et_pb_image src=\u00bbhttps:\/\/globalis-pa.com\/nuevo\/wp-content\/uploads\/2023\/09\/Mesa-de-trabajo-1-copia-18.png\u00bb title_text=\u00bbMesa de trabajo 1 copia 18&#8243; show_bottom_space=\u00bboff\u00bb align=\u00bbcenter\u00bb _builder_version=\u00bb4.16&#8243; background_enable_color=\u00bboff\u00bb custom_margin=\u00bb|0px||0px|false|false\u00bb custom_padding=\u00bb0px|0px|40px|0px|false|true\u00bb custom_padding_tablet=\u00bb30px|30px|30px|30px|true|true\u00bb custom_padding_phone=\u00bb20px|3px|20px|3px|true|true\u00bb custom_padding_last_edited=\u00bbon|phone\u00bb border_radii=\u00bboff|50px|50px||\u00bb box_shadow_style=\u00bbpreset1&#8243; global_colors_info=\u00bb{}\u00bb][\/et_pb_image][et_pb_text _builder_version=\u00bb4.22.2&#8243; header_font=\u00bb||||||||\u00bb header_4_font=\u00bbPoppins||||||||\u00bb header_4_text_align=\u00bbcenter\u00bb header_4_text_color=\u00bb#000000&#8243; header_4_font_size=\u00bb22px\u00bb header_4_line_height=\u00bb1.5em\u00bb custom_margin=\u00bb||0px||false|false\u00bb header_4_font_size_tablet=\u00bb16px\u00bb header_4_font_size_phone=\u00bb14px\u00bb header_4_font_size_last_edited=\u00bbon|desktop\u00bb locked=\u00bboff\u00bb global_colors_info=\u00bb{}\u00bb]<\/p>\n<h4>Monitores para Revisi\u00f3n Cl\u00ednica<\/h4>\n<p>[\/et_pb_text][et_pb_button button_url=\u00bbhttps:\/\/globalis-pa.com\/nuevo\/monitores-para-revision-clinica\/\u00bb button_text=\u00bbConoce m\u00e1s\u00bb button_alignment=\u00bbcenter\u00bb _builder_version=\u00bb4.16&#8243; custom_button=\u00bbon\u00bb button_text_size=\u00bb12px\u00bb button_text_color=\u00bb#e02b20&#8243; button_bg_color=\u00bbrgba(224,224,224,0.88)\u00bb button_border_width=\u00bb0px\u00bb button_border_color=\u00bb#e02b20&#8243; button_border_radius=\u00bb100px\u00bb button_letter_spacing=\u00bb0px\u00bb button_font=\u00bbMontserrat|600|||||||\u00bb button_use_icon=\u00bboff\u00bb custom_margin=\u00bb5px||||false|false\u00bb custom_padding=\u00bb10px|20px|10px|20px|true|true\u00bb locked=\u00bboff\u00bb global_colors_info=\u00bb{}\u00bb button_text_color__hover=\u00bb#FFFFFF\u00bb button_text_color__hover_enabled=\u00bbon|desktop\u00bb button_bg_color__hover=\u00bb#E02B20&#8243; button_bg_color__hover_enabled=\u00bbon|hover\u00bb][\/et_pb_button][\/et_pb_column][et_pb_column type=\u00bb1_2&#8243; _builder_version=\u00bb4.27.4&#8243; background_enable_color=\u00bboff\u00bb custom_padding=\u00bb|40px|40px|40px|false|true\u00bb custom_padding_tablet=\u00bb|30px|30px|30px|false|true\u00bb custom_padding_phone=\u00bb|20px|20px|20px|false|true\u00bb custom_padding_last_edited=\u00bbon|tablet\u00bb global_colors_info=\u00bb{}\u00bb][et_pb_image src=\u00bbhttps:\/\/globalis-pa.com\/nuevo\/wp-content\/uploads\/2023\/09\/Mesa-de-trabajo-1-copia-19.png\u00bb title_text=\u00bbMesa de trabajo 1 copia 19&#8243; show_bottom_space=\u00bboff\u00bb align=\u00bbcenter\u00bb _builder_version=\u00bb4.16&#8243; background_enable_color=\u00bboff\u00bb custom_margin=\u00bb|0px||0px|false|false\u00bb custom_padding=\u00bb0px|0px|40px|0px|false|true\u00bb custom_padding_tablet=\u00bb30px|30px|30px|30px|true|true\u00bb custom_padding_phone=\u00bb20px|3px|20px|3px|true|true\u00bb custom_padding_last_edited=\u00bbon|phone\u00bb border_radii=\u00bboff|50px|50px||\u00bb box_shadow_style=\u00bbpreset1&#8243; global_colors_info=\u00bb{}\u00bb][\/et_pb_image][et_pb_text _builder_version=\u00bb4.16&#8243; header_font=\u00bb||||||||\u00bb header_4_font=\u00bbPoppins||||||||\u00bb header_4_text_align=\u00bbcenter\u00bb header_4_text_color=\u00bb#000000&#8243; header_4_font_size=\u00bb22px\u00bb header_4_line_height=\u00bb1.5em\u00bb custom_margin=\u00bb||0px||false|false\u00bb header_4_font_size_tablet=\u00bb16px\u00bb header_4_font_size_phone=\u00bb14px\u00bb header_4_font_size_last_edited=\u00bbon|desktop\u00bb locked=\u00bboff\u00bb global_colors_info=\u00bb{}\u00bb]<\/p>\n<h4>Monitores para Diagn\u00f3stico<\/h4>\n<p>[\/et_pb_text][et_pb_button button_url=\u00bbhttps:\/\/globalis-pa.com\/nuevo\/monitores-para-diagnostico-en-radiologia-y-patologia-digital\/\u00bb button_text=\u00bbConoce m\u00e1s\u00bb button_alignment=\u00bbcenter\u00bb _builder_version=\u00bb4.16&#8243; custom_button=\u00bbon\u00bb button_text_size=\u00bb12px\u00bb button_text_color=\u00bb#e02b20&#8243; button_bg_color=\u00bbrgba(224,224,224,0.88)\u00bb button_border_width=\u00bb0px\u00bb button_border_color=\u00bb#e02b20&#8243; button_border_radius=\u00bb100px\u00bb button_letter_spacing=\u00bb0px\u00bb button_font=\u00bbMontserrat|600|||||||\u00bb button_use_icon=\u00bboff\u00bb custom_margin=\u00bb5px||||false|false\u00bb custom_padding=\u00bb10px|20px|10px|20px|true|true\u00bb locked=\u00bboff\u00bb global_colors_info=\u00bb{}\u00bb button_text_color__hover=\u00bb#FFFFFF\u00bb button_text_color__hover_enabled=\u00bbon|desktop\u00bb button_bg_color__hover=\u00bb#E02B20&#8243; button_bg_color__hover_enabled=\u00bbon|hover\u00bb][\/et_pb_button][\/et_pb_column][\/et_pb_row][et_pb_row column_structure=\u00bb1_2,1_2&#8243; use_custom_gutter=\u00bbon\u00bb gutter_width=\u00bb2&#8243; make_equal=\u00bbon\u00bb _builder_version=\u00bb4.27.4&#8243; global_colors_info=\u00bb{}\u00bb][et_pb_column type=\u00bb1_2&#8243; _builder_version=\u00bb4.27.4&#8243; background_enable_color=\u00bboff\u00bb custom_padding=\u00bb|40px|40px|40px|false|true\u00bb custom_padding_tablet=\u00bb|30px|30px|30px|false|true\u00bb custom_padding_phone=\u00bb|20px|20px|20px|false|true\u00bb custom_padding_last_edited=\u00bbon|tablet\u00bb global_colors_info=\u00bb{}\u00bb][et_pb_image src=\u00bbhttps:\/\/globalis-pa.com\/nuevo\/wp-content\/uploads\/2024\/02\/Mesa-de-trabajo-1-copia-20.png\u00bb title_text=\u00bbMesa de trabajo 1 copia 20&#8243; show_bottom_space=\u00bboff\u00bb align=\u00bbcenter\u00bb _builder_version=\u00bb4.22.2&#8243; background_enable_color=\u00bboff\u00bb custom_margin=\u00bb|0px||0px|false|false\u00bb custom_padding=\u00bb0px|0px|40px|0px|false|true\u00bb custom_padding_tablet=\u00bb30px|30px|30px|30px|true|true\u00bb custom_padding_phone=\u00bb20px|3px|20px|3px|true|true\u00bb custom_padding_last_edited=\u00bbon|phone\u00bb border_radii=\u00bboff|50px|50px||\u00bb box_shadow_style=\u00bbpreset1&#8243; global_colors_info=\u00bb{}\u00bb][\/et_pb_image][et_pb_text _builder_version=\u00bb4.22.2&#8243; header_font=\u00bb||||||||\u00bb header_4_font=\u00bbPoppins||||||||\u00bb header_4_text_align=\u00bbcenter\u00bb header_4_text_color=\u00bb#000000&#8243; header_4_font_size=\u00bb22px\u00bb header_4_line_height=\u00bb1.5em\u00bb custom_margin=\u00bb||0px||false|false\u00bb header_4_font_size_tablet=\u00bb16px\u00bb header_4_font_size_phone=\u00bb14px\u00bb header_4_font_size_last_edited=\u00bbon|desktop\u00bb locked=\u00bboff\u00bb global_colors_info=\u00bb{}\u00bb]<\/p>\n<h4>Monitores para Cirug\u00eda<\/h4>\n<p>&nbsp;<\/p>\n<p>[\/et_pb_text][et_pb_button button_url=\u00bbhttps:\/\/globalis-pa.com\/nuevo\/monitores-para-cirugia\/\u00bb button_text=\u00bbConoce m\u00e1s\u00bb button_alignment=\u00bbcenter\u00bb _builder_version=\u00bb4.16&#8243; custom_button=\u00bbon\u00bb button_text_size=\u00bb12px\u00bb button_text_color=\u00bb#e02b20&#8243; button_bg_color=\u00bbrgba(224,224,224,0.88)\u00bb button_border_width=\u00bb0px\u00bb button_border_color=\u00bb#e02b20&#8243; button_border_radius=\u00bb100px\u00bb button_letter_spacing=\u00bb0px\u00bb button_font=\u00bbMontserrat|600|||||||\u00bb button_use_icon=\u00bboff\u00bb custom_margin=\u00bb5px||||false|false\u00bb custom_padding=\u00bb10px|20px|10px|20px|true|true\u00bb locked=\u00bboff\u00bb global_colors_info=\u00bb{}\u00bb button_text_color__hover=\u00bb#FFFFFF\u00bb button_text_color__hover_enabled=\u00bbon|desktop\u00bb button_bg_color__hover=\u00bb#E02B20&#8243; button_bg_color__hover_enabled=\u00bbon|hover\u00bb][\/et_pb_button][\/et_pb_column][et_pb_column type=\u00bb1_2&#8243; _builder_version=\u00bb4.27.4&#8243; background_enable_color=\u00bboff\u00bb custom_padding=\u00bb|40px|40px|40px|false|true\u00bb custom_padding_tablet=\u00bb|30px|30px|30px|false|true\u00bb custom_padding_phone=\u00bb|20px|20px|20px|false|true\u00bb custom_padding_last_edited=\u00bbon|tablet\u00bb global_colors_info=\u00bb{}\u00bb][et_pb_image src=\u00bbhttps:\/\/globalis-pa.com\/nuevo\/wp-content\/uploads\/2023\/09\/Mesa-de-trabajo-1-copia-21.png\u00bb title_text=\u00bbMesa de trabajo 1 copia 21&#8243; show_bottom_space=\u00bboff\u00bb align=\u00bbcenter\u00bb _builder_version=\u00bb4.16&#8243; background_enable_color=\u00bboff\u00bb custom_margin=\u00bb|0px||0px|false|false\u00bb custom_padding=\u00bb0px|0px|40px|0px|false|true\u00bb custom_padding_tablet=\u00bb30px|30px|30px|30px|true|true\u00bb custom_padding_phone=\u00bb20px|3px|20px|3px|true|true\u00bb custom_padding_last_edited=\u00bbon|phone\u00bb border_radii=\u00bboff|50px|50px||\u00bb box_shadow_style=\u00bbpreset1&#8243; global_colors_info=\u00bb{}\u00bb][\/et_pb_image][et_pb_text _builder_version=\u00bb4.27.4&#8243; header_font=\u00bb||||||||\u00bb header_4_font=\u00bbPoppins||||||||\u00bb header_4_text_align=\u00bbcenter\u00bb header_4_text_color=\u00bb#000000&#8243; header_4_font_size=\u00bb22px\u00bb header_4_line_height=\u00bb1.5em\u00bb custom_margin=\u00bb||0px||false|false\u00bb header_4_font_size_tablet=\u00bb16px\u00bb header_4_font_size_phone=\u00bb14px\u00bb header_4_font_size_last_edited=\u00bbon|desktop\u00bb locked=\u00bboff\u00bb global_colors_info=\u00bb{}\u00bb]<\/p>\n<h4>Detectores Digitales de Rayos X<\/h4>\n<p>&nbsp;<\/p>\n<p>[\/et_pb_text][et_pb_button button_url=\u00bbhttps:\/\/globalis-pa.com\/nuevo\/detectores-digitales-de-rayos-x\/\u00bb button_text=\u00bbConoce m\u00e1s\u00bb button_alignment=\u00bbcenter\u00bb _builder_version=\u00bb4.16&#8243; custom_button=\u00bbon\u00bb button_text_size=\u00bb12px\u00bb button_text_color=\u00bb#e02b20&#8243; button_bg_color=\u00bbrgba(224,224,224,0.88)\u00bb button_border_width=\u00bb0px\u00bb button_border_color=\u00bb#e02b20&#8243; button_border_radius=\u00bb100px\u00bb button_letter_spacing=\u00bb0px\u00bb button_font=\u00bbMontserrat|600|||||||\u00bb button_use_icon=\u00bboff\u00bb custom_margin=\u00bb5px||||false|false\u00bb custom_padding=\u00bb10px|20px|10px|20px|true|true\u00bb locked=\u00bboff\u00bb global_colors_info=\u00bb{}\u00bb button_text_color__hover=\u00bb#FFFFFF\u00bb button_text_color__hover_enabled=\u00bbon|desktop\u00bb button_bg_color__hover=\u00bb#E02B20&#8243; button_bg_color__hover_enabled=\u00bbon|hover\u00bb][\/et_pb_button][\/et_pb_column][\/et_pb_row][et_pb_row column_structure=\u00bb1_2,1_2&#8243; use_custom_gutter=\u00bbon\u00bb gutter_width=\u00bb2&#8243; make_equal=\u00bbon\u00bb _builder_version=\u00bb4.27.4&#8243; global_colors_info=\u00bb{}\u00bb][et_pb_column type=\u00bb1_2&#8243; _builder_version=\u00bb4.27.4&#8243; background_enable_color=\u00bboff\u00bb custom_padding=\u00bb|40px|40px|40px|false|true\u00bb custom_padding_tablet=\u00bb|30px|30px|30px|false|true\u00bb custom_padding_phone=\u00bb|20px|20px|20px|false|true\u00bb custom_padding_last_edited=\u00bbon|tablet\u00bb global_colors_info=\u00bb{}\u00bb][et_pb_image src=\u00bbhttps:\/\/globalis-pa.com\/nuevo\/wp-content\/uploads\/2023\/09\/Mesa-de-trabajo-1-copia-11-1.png\u00bb title_text=\u00bbMesa de trabajo 1 copia 11&#8243; show_bottom_space=\u00bboff\u00bb align=\u00bbcenter\u00bb _builder_version=\u00bb4.16&#8243; background_enable_color=\u00bboff\u00bb custom_margin=\u00bb|0px||0px|false|false\u00bb custom_padding=\u00bb0px|0px|40px|0px|false|true\u00bb custom_padding_tablet=\u00bb30px|30px|30px|30px|true|true\u00bb custom_padding_phone=\u00bb20px|3px|20px|3px|true|true\u00bb custom_padding_last_edited=\u00bbon|phone\u00bb border_radii=\u00bboff|50px|50px||\u00bb box_shadow_style=\u00bbpreset1&#8243; global_colors_info=\u00bb{}\u00bb][\/et_pb_image][et_pb_text _builder_version=\u00bb4.22.2&#8243; header_font=\u00bb||||||||\u00bb header_4_font=\u00bbPoppins||||||||\u00bb header_4_text_align=\u00bbcenter\u00bb header_4_text_color=\u00bb#000000&#8243; header_4_font_size=\u00bb22px\u00bb header_4_line_height=\u00bb1.5em\u00bb custom_margin=\u00bb||0px||false|false\u00bb header_4_font_size_tablet=\u00bb16px\u00bb header_4_font_size_phone=\u00bb14px\u00bb header_4_font_size_last_edited=\u00bbon|desktop\u00bb locked=\u00bboff\u00bb global_colors_info=\u00bb{}\u00bb]<\/p>\n<h4>Proyectores &#8211; DICOM<\/h4>\n<p>&nbsp;<\/p>\n<p>[\/et_pb_text][et_pb_button button_url=\u00bbhttps:\/\/globalis-pa.com\/nuevo\/contactanos\/\u00bb button_text=\u00bbConoce m\u00e1s\u00bb button_alignment=\u00bbcenter\u00bb _builder_version=\u00bb4.22.2&#8243; custom_button=\u00bbon\u00bb button_text_size=\u00bb12px\u00bb button_text_color=\u00bb#e02b20&#8243; button_bg_color=\u00bbrgba(224,224,224,0.88)\u00bb button_border_width=\u00bb0px\u00bb button_border_color=\u00bb#e02b20&#8243; button_border_radius=\u00bb100px\u00bb button_letter_spacing=\u00bb0px\u00bb button_font=\u00bbMontserrat|600|||||||\u00bb button_use_icon=\u00bboff\u00bb custom_margin=\u00bb5px||||false|false\u00bb custom_padding=\u00bb10px|20px|10px|20px|true|true\u00bb locked=\u00bboff\u00bb global_colors_info=\u00bb{}\u00bb button_text_color__hover=\u00bb#FFFFFF\u00bb button_text_color__hover_enabled=\u00bbon|desktop\u00bb button_bg_color__hover=\u00bb#E02B20&#8243; button_bg_color__hover_enabled=\u00bbon|hover\u00bb][\/et_pb_button][\/et_pb_column][et_pb_column type=\u00bb1_2&#8243; _builder_version=\u00bb4.27.4&#8243; background_enable_color=\u00bboff\u00bb custom_padding=\u00bb|40px|40px|40px|false|true\u00bb custom_padding_tablet=\u00bb|30px|30px|30px|false|true\u00bb custom_padding_phone=\u00bb|20px|20px|20px|false|true\u00bb custom_padding_last_edited=\u00bbon|tablet\u00bb global_colors_info=\u00bb{}\u00bb][et_pb_image src=\u00bbhttps:\/\/globalis-pa.com\/nuevo\/wp-content\/uploads\/2023\/09\/Mesa-de-trabajo-1-copia-23.png\u00bb title_text=\u00bbMesa de trabajo 1 copia 23&#8243; show_bottom_space=\u00bboff\u00bb align=\u00bbcenter\u00bb _builder_version=\u00bb4.16&#8243; background_enable_color=\u00bboff\u00bb custom_margin=\u00bb|0px||0px|false|false\u00bb custom_padding=\u00bb0px|0px|40px|0px|false|true\u00bb custom_padding_tablet=\u00bb30px|30px|30px|30px|true|true\u00bb custom_padding_phone=\u00bb20px|3px|20px|3px|true|true\u00bb custom_padding_last_edited=\u00bbon|phone\u00bb border_radii=\u00bboff|50px|50px||\u00bb box_shadow_style=\u00bbpreset1&#8243; global_colors_info=\u00bb{}\u00bb][\/et_pb_image][et_pb_text _builder_version=\u00bb4.27.4&#8243; header_font=\u00bb||||||||\u00bb header_4_font=\u00bbPoppins||||||||\u00bb header_4_text_align=\u00bbcenter\u00bb header_4_text_color=\u00bb#000000&#8243; header_4_font_size=\u00bb22px\u00bb header_4_line_height=\u00bb1.5em\u00bb custom_margin=\u00bb||0px||false|false\u00bb header_4_font_size_tablet=\u00bb16px\u00bb header_4_font_size_phone=\u00bb14px\u00bb header_4_font_size_last_edited=\u00bbon|desktop\u00bb locked=\u00bboff\u00bb global_colors_info=\u00bb{}\u00bb]<\/p>\n<h4>Sistema para Telemedicina<\/h4>\n<p>&nbsp;<\/p>\n<p>[\/et_pb_text][et_pb_button button_url=\u00bbhttps:\/\/globalis-pa.com\/nuevo\/sistema-para-teleconsulta-telemedicina\/\u00bb button_text=\u00bbConoce m\u00e1s\u00bb button_alignment=\u00bbcenter\u00bb _builder_version=\u00bb4.22.2&#8243; custom_button=\u00bbon\u00bb button_text_size=\u00bb12px\u00bb button_text_color=\u00bb#e02b20&#8243; button_bg_color=\u00bbrgba(224,224,224,0.88)\u00bb button_border_width=\u00bb0px\u00bb button_border_color=\u00bb#e02b20&#8243; button_border_radius=\u00bb100px\u00bb button_letter_spacing=\u00bb0px\u00bb button_font=\u00bbMontserrat|600|||||||\u00bb button_use_icon=\u00bboff\u00bb custom_margin=\u00bb5px||||false|false\u00bb custom_padding=\u00bb10px|20px|10px|20px|true|true\u00bb locked=\u00bboff\u00bb global_colors_info=\u00bb{}\u00bb button_text_color__hover=\u00bb#FFFFFF\u00bb button_text_color__hover_enabled=\u00bbon|desktop\u00bb button_bg_color__hover=\u00bb#E02B20&#8243; button_bg_color__hover_enabled=\u00bbon|hover\u00bb][\/et_pb_button][\/et_pb_column][\/et_pb_row][et_pb_row _builder_version=\u00bb4.16&#8243; global_colors_info=\u00bb{}\u00bb][et_pb_column type=\u00bb4_4&#8243; _builder_version=\u00bb4.16&#8243; global_colors_info=\u00bb{}\u00bb][et_pb_button button_url=\u00bbhttps:\/\/globalis-pa.com\/nuevo\/contactanos\/\u00bb button_text=\u00bbCont\u00e1ctanos \u00bb button_alignment=\u00bbcenter\u00bb _builder_version=\u00bb4.27.4&#8243; custom_button=\u00bbon\u00bb button_text_size=\u00bb12px\u00bb button_text_color=\u00bb#e02b20&#8243; button_bg_color=\u00bbrgba(224,224,224,0.88)\u00bb button_border_width=\u00bb0px\u00bb button_border_color=\u00bb#e02b20&#8243; button_border_radius=\u00bb100px\u00bb button_letter_spacing=\u00bb0px\u00bb button_font=\u00bbMontserrat|600|||||||\u00bb button_use_icon=\u00bboff\u00bb custom_margin=\u00bb5px||||false|false\u00bb custom_padding=\u00bb10px|200px|10px|200px|true|true\u00bb locked=\u00bboff\u00bb global_colors_info=\u00bb{}\u00bb button_text_color__hover=\u00bb#FFFFFF\u00bb button_text_color__hover_enabled=\u00bbon|desktop\u00bb button_bg_color__hover=\u00bb#E02B20&#8243; button_bg_color__hover_enabled=\u00bbon|hover\u00bb][\/et_pb_button][\/et_pb_column][\/et_pb_row][\/et_pb_section][et_pb_section fb_built=\u00bb1&#8243; admin_label=\u00bbShop\u00bb _builder_version=\u00bb4.27.4&#8243; background_enable_color=\u00bboff\u00bb locked=\u00bboff\u00bb global_colors_info=\u00bb{}\u00bb][et_pb_row _builder_version=\u00bb4.16&#8243; global_colors_info=\u00bb{}\u00bb][et_pb_column type=\u00bb4_4&#8243; _builder_version=\u00bb4.16&#8243; global_colors_info=\u00bb{}\u00bb][et_pb_shop posts_number=\u00bb8&#8243; orderby=\u00bbpopularity\u00bb icon_hover_color=\u00bb#000000&#8243; show_price=\u00bboff\u00bb show_rating=\u00bboff\u00bb show_sale_badge=\u00bboff\u00bb _builder_version=\u00bb4.22.2&#8243; title_font=\u00bbPoppins||||||||\u00bb title_text_color=\u00bb#E02B20&#8243; title_font_size=\u00bb14px\u00bb title_line_height=\u00bb1.2em\u00bb price_font=\u00bbMontserrat|600|||||||\u00bb price_text_color=\u00bb#751fff\u00bb price_font_size=\u00bb12px\u00bb price_letter_spacing=\u00bb0.5px\u00bb title_font_size_tablet=\u00bb14px\u00bb title_font_size_phone=\u00bb\u00bb title_font_size_last_edited=\u00bbon|phone\u00bb global_colors_info=\u00bb{}\u00bb][\/et_pb_shop][\/et_pb_column][\/et_pb_row][\/et_pb_section]<\/p>\n","protected":false},"excerpt":{"rendered":"<p>Monitores para Revisi\u00f3n Cl\u00ednicaMonitores para Diagn\u00f3sticoMonitores para Cirug\u00eda &nbsp;Detectores Digitales de Rayos X &nbsp;Proyectores &#8211; DICOM &nbsp;Sistema para Telemedicina &nbsp;<\/p>\n","protected":false},"author":1,"featured_media":0,"parent":0,"menu_order":0,"comment_status":"closed","ping_status":"closed","template":"","meta":{"_et_pb_use_builder":"on","_et_pb_old_content":"","_et_gb_content_width":"","footnotes":""},"class_list":["post-1982","page","type-page","status-publish","hentry"],"_links":{"self":[{"href":"https:\/\/globalis-pa.com\/nuevo\/wp-json\/wp\/v2\/pages\/1982","targetHints":{"allow":["GET"]}}],"collection":[{"href":"https:\/\/globalis-pa.com\/nuevo\/wp-json\/wp\/v2\/pages"}],"about":[{"href":"https:\/\/globalis-pa.com\/nuevo\/wp-json\/wp\/v2\/types\/page"}],"author":[{"embeddable":true,"href":"https:\/\/globalis-pa.com\/nuevo\/wp-json\/wp\/v2\/users\/1"}],"replies":[{"embeddable":true,"href":"https:\/\/globalis-pa.com\/nuevo\/wp-json\/wp\/v2\/comments?post=1982"}],"version-history":[{"count":6,"href":"https:\/\/globalis-pa.com\/nuevo\/wp-json\/wp\/v2\/pages\/1982\/revisions"}],"predecessor-version":[{"id":2270,"href":"https:\/\/globalis-pa.com\/nuevo\/wp-json\/wp\/v2\/pages\/1982\/revisions\/2270"}],"wp:attachment":[{"href":"https:\/\/globalis-pa.com\/nuevo\/wp-json\/wp\/v2\/media?parent=1982"}],"curies":[{"name":"wp","href":"https:\/\/api.w.org\/{rel}","templated":true}]}}