{"id":1923,"date":"2025-01-17T19:36:23","date_gmt":"2025-01-18T00:36:23","guid":{"rendered":"https:\/\/globalis-pa.com\/nuevo\/?page_id=1923"},"modified":"2025-01-20T12:37:39","modified_gmt":"2025-01-20T17:37:39","slug":"edenintelligence","status":"publish","type":"page","link":"https:\/\/globalis-pa.com\/nuevo\/edenintelligence\/","title":{"rendered":"edenintelligence"},"content":{"rendered":"<p>[et_pb_section fb_built=\u00bb1&#8243; admin_label=\u00bbHeader\u00bb _builder_version=\u00bb4.27.4&#8243; background_color=\u00bb#FFFFFF\u00bb min_height=\u00bb328px\u00bb custom_margin=\u00bb||-144px|||\u00bb custom_padding=\u00bb||0px|||\u00bb global_colors_info=\u00bb{}\u00bb theme_builder_area=\u00bbpost_content\u00bb][et_pb_row column_structure=\u00bb2_5,3_5&#8243; _builder_version=\u00bb4.27.4&#8243; _module_preset=\u00bbdefault\u00bb background_color=\u00bbRGBA(255,255,255,0)\u00bb custom_padding=\u00bb||36px|||\u00bb locked=\u00bboff\u00bb global_colors_info=\u00bb{}\u00bb theme_builder_area=\u00bbpost_content\u00bb][et_pb_column type=\u00bb2_5&#8243; _builder_version=\u00bb4.22.2&#8243; _module_preset=\u00bbdefault\u00bb global_colors_info=\u00bb{}\u00bb theme_builder_area=\u00bbpost_content\u00bb][et_pb_image src=\u00bbhttps:\/\/globalis-pa.com\/nuevo\/wp-content\/uploads\/2025\/01\/edenmedicalglobal_logo-letra-negra.jpg\u00bb title_text=\u00bbedenmedicalglobal_logo letra negra\u00bb align=\u00bbcenter\u00bb _builder_version=\u00bb4.27.4&#8243; _module_preset=\u00bbdefault\u00bb width=\u00bb68%\u00bb width_tablet=\u00bb68%\u00bb width_phone=\u00bb68%\u00bb width_last_edited=\u00bbon|desktop\u00bb custom_margin=\u00bb||-12px||false|false\u00bb global_colors_info=\u00bb{}\u00bb theme_builder_area=\u00bbpost_content\u00bb][\/et_pb_image][\/et_pb_column][et_pb_column type=\u00bb3_5&#8243; _builder_version=\u00bb4.22.2&#8243; _module_preset=\u00bbdefault\u00bb global_colors_info=\u00bb{}\u00bb theme_builder_area=\u00bbpost_content\u00bb][et_pb_text _builder_version=\u00bb4.27.4&#8243; _module_preset=\u00bbdefault\u00bb text_font=\u00bbPoppins||||||||\u00bb text_text_color=\u00bb#000000&#8243; text_font_size=\u00bb23px\u00bb background_enable_color=\u00bboff\u00bb text_orientation=\u00bbcenter\u00bb custom_margin=\u00bb31px|8px||8px|false|true\u00bb custom_margin_tablet=\u00bb0px|8px||8px|false|true\u00bb custom_margin_phone=\u00bb0px|8px||8px|false|true\u00bb custom_margin_last_edited=\u00bbon|phone\u00bb custom_padding=\u00bb0px|0px|0px|0px|true|true\u00bb animation_style=\u00bbslide\u00bb animation_duration=\u00bb5000ms\u00bb animation_speed_curve=\u00bbease\u00bb animation_repeat=\u00bbloop\u00bb text_font_size_tablet=\u00bb24px\u00bb text_font_size_phone=\u00bb18px\u00bb text_font_size_last_edited=\u00bbon|tablet\u00bb global_colors_info=\u00bb{}\u00bb theme_builder_area=\u00bbpost_content\u00bb]<\/p>\n<p style=\"text-align: center;\">Distribuidor autorizado para Latinoam\u00e9rica<\/p>\n<p>[\/et_pb_text][\/et_pb_column][\/et_pb_row][et_pb_row column_structure=\u00bb2_5,3_5&#8243; _builder_version=\u00bb4.16&#8243; global_colors_info=\u00bb{}\u00bb theme_builder_area=\u00bbpost_content\u00bb custom_margin=\u00bb-12px|auto||auto||\u00bb custom_padding=\u00bb9px|||||\u00bb][et_pb_column type=\u00bb2_5&#8243; _builder_version=\u00bb4.16&#8243; global_colors_info=\u00bb{}\u00bb theme_builder_area=\u00bbpost_content\u00bb][et_pb_image src=\u00bbhttps:\/\/globalis-pa.com\/nuevo\/wp-content\/uploads\/2025\/01\/Captura-de-pantalla-2025-01-17-193729.png\u00bb title_text=\u00bbCaptura de pantalla 2025-01-17 193729&#8243; force_fullwidth=\u00bbon\u00bb _builder_version=\u00bb4.27.4&#8243; hover_enabled=\u00bb0&#8243; global_colors_info=\u00bb{}\u00bb theme_builder_area=\u00bbpost_content\u00bb sticky_enabled=\u00bb0&#8243; custom_margin=\u00bb98px|||||\u00bb][\/et_pb_image][et_pb_button button_url=\u00bbhttps:\/\/wa.me\/+50769784709&#8243; button_text=\u00bbAgenda tu demostraci\u00f3n\u00bb button_alignment=\u00bbright\u00bb _builder_version=\u00bb4.27.4&#8243; custom_button=\u00bbon\u00bb button_text_size=\u00bb12px\u00bb button_text_color=\u00bb#545454&#8243; button_border_color=\u00bb#545454&#8243; button_border_radius=\u00bb0px\u00bb button_letter_spacing=\u00bb0px\u00bb button_font=\u00bbMontserrat|800|||||||\u00bb button_icon=\u00bb&#x24;||divi||400&#8243; button_icon_color=\u00bb#E02B20&#8243; custom_margin=\u00bb14px|||||\u00bb custom_padding=\u00bb10px|20px|10px|20px|true|true\u00bb locked=\u00bboff\u00bb global_colors_info=\u00bb{}\u00bb theme_builder_area=\u00bbpost_content\u00bb sticky_enabled=\u00bb0&#8243;][\/et_pb_button][\/et_pb_column][et_pb_column type=\u00bb3_5&#8243; _builder_version=\u00bb4.16&#8243; global_colors_info=\u00bb{}\u00bb theme_builder_area=\u00bbpost_content\u00bb][et_pb_image src=\u00bbhttps:\/\/globalis-pa.com\/nuevo\/wp-content\/uploads\/2025\/01\/Captura-de-pantalla-2025-01-17-193810-Photoroom.png\u00bb _builder_version=\u00bb4.27.4&#8243; _module_preset=\u00bbdefault\u00bb theme_builder_area=\u00bbpost_content\u00bb title_text=\u00bbCaptura de pantalla 2025-01-17 193810-Photoroom\u00bb hover_enabled=\u00bb0&#8243; sticky_enabled=\u00bb0&#8243;][\/et_pb_image][\/et_pb_column][\/et_pb_row][\/et_pb_section][et_pb_section fb_built=\u00bb1&#8243; fullwidth=\u00bbon\u00bb theme_builder_area=\u00bbpost_content\u00bb _builder_version=\u00bb4.27.4&#8243; _module_preset=\u00bbdefault\u00bb][et_pb_fullwidth_image src=\u00bbhttps:\/\/globalis-pa.com\/nuevo\/wp-content\/uploads\/2025\/01\/Captura-de-pantalla-2025-01-17-194255.png\u00bb _builder_version=\u00bb4.27.4&#8243; _module_preset=\u00bbdefault\u00bb theme_builder_area=\u00bbpost_content\u00bb title_text=\u00bbCaptura de pantalla 2025-01-17 194255&#8243; hover_enabled=\u00bb0&#8243; sticky_enabled=\u00bb0&#8243;][\/et_pb_fullwidth_image][\/et_pb_section][et_pb_section fb_built=\u00bb1&#8243; fullwidth=\u00bbon\u00bb theme_builder_area=\u00bbpost_content\u00bb _builder_version=\u00bb4.27.4&#8243; _module_preset=\u00bbdefault\u00bb hover_enabled=\u00bb0&#8243; sticky_enabled=\u00bb0&#8243;][et_pb_fullwidth_image src=\u00bbhttps:\/\/globalis-pa.com\/nuevo\/wp-content\/uploads\/2025\/01\/Captura-de-pantalla-2025-01-17-194234.png\u00bb _builder_version=\u00bb4.27.4&#8243; _module_preset=\u00bbdefault\u00bb theme_builder_area=\u00bbpost_content\u00bb title_text=\u00bbCaptura de pantalla 2025-01-17 194234&#8243; hover_enabled=\u00bb0&#8243; sticky_enabled=\u00bb0&#8243;][\/et_pb_fullwidth_image][\/et_pb_section][et_pb_section fb_built=\u00bb1&#8243; fullwidth=\u00bbon\u00bb theme_builder_area=\u00bbpost_content\u00bb _builder_version=\u00bb4.27.4&#8243; _module_preset=\u00bbdefault\u00bb hover_enabled=\u00bb0&#8243; sticky_enabled=\u00bb0&#8243;][et_pb_fullwidth_image src=\u00bbhttps:\/\/globalis-pa.com\/nuevo\/wp-content\/uploads\/2025\/01\/Captura-de-pantalla-2025-01-17-194553.png\u00bb _builder_version=\u00bb4.27.4&#8243; _module_preset=\u00bbdefault\u00bb theme_builder_area=\u00bbpost_content\u00bb title_text=\u00bbCaptura de pantalla 2025-01-17 194553&#8243; hover_enabled=\u00bb0&#8243; sticky_enabled=\u00bb0&#8243;][\/et_pb_fullwidth_image][\/et_pb_section][et_pb_section fb_built=\u00bb1&#8243; fullwidth=\u00bbon\u00bb theme_builder_area=\u00bbpost_content\u00bb _builder_version=\u00bb4.27.4&#8243; _module_preset=\u00bbdefault\u00bb hover_enabled=\u00bb0&#8243; sticky_enabled=\u00bb0&#8243;][et_pb_fullwidth_image src=\u00bbhttps:\/\/globalis-pa.com\/nuevo\/wp-content\/uploads\/2025\/01\/Captura-de-pantalla-2025-01-17-194609.png\u00bb _builder_version=\u00bb4.27.4&#8243; _module_preset=\u00bbdefault\u00bb theme_builder_area=\u00bbpost_content\u00bb title_text=\u00bbCaptura de pantalla 2025-01-17 194609&#8243; hover_enabled=\u00bb0&#8243; sticky_enabled=\u00bb0&#8243;][\/et_pb_fullwidth_image][et_pb_fullwidth_image src=\u00bbhttps:\/\/globalis-pa.com\/nuevo\/wp-content\/uploads\/2025\/01\/33.gif\u00bb _builder_version=\u00bb4.27.4&#8243; _module_preset=\u00bbdefault\u00bb theme_builder_area=\u00bbpost_content\u00bb title_text=\u00bb33&#8243; hover_enabled=\u00bb0&#8243; sticky_enabled=\u00bb0&#8243;][\/et_pb_fullwidth_image][\/et_pb_section][et_pb_section fb_built=\u00bb1&#8243; fullwidth=\u00bbon\u00bb _builder_version=\u00bb4.27.4&#8243; _module_preset=\u00bbdefault\u00bb hover_enabled=\u00bb0&#8243; global_colors_info=\u00bb{}\u00bb sticky_enabled=\u00bb0&#8243; background_color=\u00bbRGBA(255,255,255,0)\u00bb locked=\u00bboff\u00bb theme_builder_area=\u00bbpost_content\u00bb][et_pb_fullwidth_slider _builder_version=\u00bb4.27.4&#8243; _module_preset=\u00bbdefault\u00bb custom_padding=\u00bb181px|||||\u00bb hover_enabled=\u00bb0&#8243; global_colors_info=\u00bb{}\u00bb sticky_enabled=\u00bb0&#8243; theme_builder_area=\u00bbpost_content\u00bb][et_pb_slide heading=\u00bb01&#8243; image=\u00bbhttps:\/\/globalis-pa.com\/nuevo\/wp-content\/uploads\/2025\/01\/64d56e7c19c5edc365ae0515_estudios-tiempo-p-2000.png\u00bb image_tablet=\u00bbhttps:\/\/globalis-pa.com\/nuevo\/wp-content\/uploads\/2025\/01\/64cc3aab6b0486595a3c9564_PACS-hero-2-1-p-1080.png\u00bb image_phone=\u00bbhttps:\/\/globalis-pa.com\/nuevo\/wp-content\/uploads\/2025\/01\/64cc3aab6b0486595a3c9564_PACS-hero-2-1-p-1080.png\u00bb image_last_edited=\u00bbon|desktop\u00bb _builder_version=\u00bb4.27.4&#8243; _module_preset=\u00bbdefault\u00bb header_font=\u00bbPoppins||||||||\u00bb header_text_color=\u00bb#000000&#8243; body_font=\u00bbPoppins||||||||\u00bb background_color=\u00bb#e8e8e8&#8243; background_enable_color=\u00bbon\u00bb hover_enabled=\u00bb0&#8243; global_colors_info=\u00bb{}\u00bb sticky_transition=\u00bbon\u00bb sticky_enabled=\u00bb0&#8243; theme_builder_area=\u00bbpost_content\u00bb title_text=\u00bb64d56e7c19c5edc365ae0515_estudios-tiempo-p-2000&#8243;]<\/p>\n<div id=\"w-node-_09d403ea-a3f7-d8b8-2530-e877beefb243-7213e08f\" class=\"layout349_content-wrapper-v2 pacs\">\n<div class=\"layout349_content wdt pack-layout-cont1\">\n<div class=\"margin-bottom margin-xsmall\">\n<div class=\"text-weight-semibold-2 blue-sub\"><span style=\"font-size: xx-large; color: #0651d5;\"><span>Eval\u00faa tus fuentes de ingreso y compara el desempe\u00f1o de tus unidades de negocio.<\/span><\/span><\/div>\n<div class=\"text-weight-semibold-2 blue-sub\"><span>Responde preguntas claves para tu instituci\u00f3n en segundos.<\/span><\/div>\n<div class=\"text-weight-semibold-2 blue-sub\"><span style=\"font-size: xx-large; color: #0651d5;\"><span class=\"text-span-7\" style=\"font-size: xx-large; color: #000000;\"><\/span><\/span><\/div>\n<div class=\"text-weight-semibold-2 blue-sub\"><\/div>\n<div class=\"text-weight-semibold-2 blue-sub\"><span style=\"font-size: xx-large; color: #0651d5;\"><span class=\"text-span-7\" style=\"font-size: xx-large; color: #000000;\"><\/span><\/span><\/div>\n<div class=\"text-weight-semibold-2 blue-sub\"><span style=\"font-size: xx-large; color: #0651d5;\"><\/span><\/div>\n<div class=\"text-weight-semibold-2 blue-sub\"><span style=\"font-size: xx-large; color: #0651d5;\"><\/span><\/div>\n<\/div>\n<p class=\"text-size-medium-4\"><span style=\"font-size: large; color: #000000;\"><span>el RIS se comunica con cualquier modalidad para facilitar <\/span><\/span><span style=\"font-size: large; color: #000000;\"><span>eficiencia y reducir errores por discrepancias.<\/span><\/span><\/p>\n<\/div>\n<\/div>\n<p>[\/et_pb_slide][et_pb_slide heading=\u00bb02&#8243; image=\u00bbhttps:\/\/globalis-pa.com\/nuevo\/wp-content\/uploads\/2025\/01\/6482448325e6a48823ec8727_Productos-Intelligence-1-p-2000-1.png\u00bb _builder_version=\u00bb4.27.4&#8243; _module_preset=\u00bbdefault\u00bb header_font=\u00bbPoppins||||||||\u00bb header_text_color=\u00bb#000000&#8243; body_font=\u00bbPoppins||||||||\u00bb background_color=\u00bb#e8e8e8&#8243; background_enable_color=\u00bbon\u00bb hover_enabled=\u00bb0&#8243; global_colors_info=\u00bb{}\u00bb sticky_transition=\u00bbon\u00bb sticky_enabled=\u00bb0&#8243; title_text=\u00bb6482448325e6a48823ec8727_Productos-Intelligence-1-p-2000 (1)\u00bb theme_builder_area=\u00bbpost_content\u00bb header_font_size=\u00bb45px\u00bb body_font_size=\u00bb11px\u00bb]<\/p>\n<div id=\"w-node-_09d403ea-a3f7-d8b8-2530-e877beefb243-7213e08f\" class=\"layout349_content-wrapper-v2 pacs\">\n<div class=\"layout349_content wdt pack-layout-cont1\">\n<div class=\"margin-bottom margin-xsmall\">\n<div class=\"text-weight-semibold-2 blue-sub\"><span style=\"font-size: xx-large; color: #0651d5;\"><span>Mide el detalle fino del desempe\u00f1o m\u00e9dico. <span style=\"color: #000000;\">Eval\u00faa r\u00e1pidamente la productividad diaria de tus doctores por volumen y tipo de estudio interpretado.<\/span><\/span><\/span><span style=\"color: #000000;\"><span><\/span><\/span><\/div>\n<\/div>\n<\/div>\n<\/div>\n<p>[\/et_pb_slide][et_pb_slide heading=\u00bb03&#8243; image=\u00bbhttps:\/\/globalis-pa.com\/nuevo\/wp-content\/uploads\/2025\/01\/64824483f424f64d0de50a76_Productos-Intelligence-3-p-2000-1.jpg\u00bb _builder_version=\u00bb4.27.4&#8243; _module_preset=\u00bbdefault\u00bb header_font=\u00bbPoppins||||||||\u00bb header_text_color=\u00bb#000000&#8243; body_font=\u00bbPoppins||||||||\u00bb background_color=\u00bb#e8e8e8&#8243; background_enable_color=\u00bbon\u00bb hover_enabled=\u00bb0&#8243; global_colors_info=\u00bb{}\u00bb sticky_transition=\u00bbon\u00bb sticky_enabled=\u00bb0&#8243; title_text=\u00bb64824483f424f64d0de50a76_Productos-Intelligence-3-p-2000 (1)\u00bb theme_builder_area=\u00bbpost_content\u00bb]<\/p>\n<div id=\"w-node-_09d403ea-a3f7-d8b8-2530-e877beefb243-7213e08f\" class=\"layout349_content-wrapper-v2 pacs\">\n<div class=\"layout349_content wdt pack-layout-cont1\">\n<div class=\"margin-bottom margin-xsmall\">\n<div class=\"text-weight-semibold-2 blue-sub\"><span style=\"font-size: xx-large; color: #0651d5;\"><span>Vigila y optimiza la atenci\u00f3n que reciben tus pacientes. <span class=\"text-span-7\" style=\"font-size: xx-large; color: #000000;\">Obt\u00e9n visibilidad diaria de tiempos de interpretaci\u00f3n y entrega de resultados.<\/span><\/span><\/span><\/div>\n<div class=\"text-weight-semibold-2 blue-sub\"><span style=\"font-size: xx-large; color: #0651d5;\"><\/span><\/div>\n<div class=\"text-weight-semibold-2 blue-sub\"><span style=\"font-size: xx-large; color: #0651d5;\"><\/span><\/div>\n<\/div>\n<p class=\"text-size-medium-4\"><span>Ofrece acceso directo a un portal intuitivo y<\/span><br \/><span>con visor de grado m\u00e9dico para facilitar interpretaciones de todos tus m\u00e9dicos referentes.<\/span><\/p>\n<p class=\"text-size-medium-4\"><span>Esto aumentar\u00e1 recomendaciones<br \/>y ganancias para tu instituci\u00f3n.<\/span><\/p>\n<\/div>\n<\/div>\n<p>[\/et_pb_slide][\/et_pb_fullwidth_slider][\/et_pb_section][et_pb_section fb_built=\u00bb1&#8243; theme_builder_area=\u00bbpost_content\u00bb _builder_version=\u00bb4.27.4&#8243; _module_preset=\u00bbdefault\u00bb custom_padding=\u00bb0px|||||\u00bb][et_pb_row _builder_version=\u00bb4.27.4&#8243; _module_preset=\u00bbdefault\u00bb theme_builder_area=\u00bbpost_content\u00bb custom_padding=\u00bb0px|||||\u00bb][et_pb_column _builder_version=\u00bb4.27.4&#8243; _module_preset=\u00bbdefault\u00bb type=\u00bb4_4&#8243; theme_builder_area=\u00bbpost_content\u00bb][et_pb_button button_url=\u00bbhttps:\/\/wa.me\/+50769784709&#8243; button_text=\u00bbAgenda tu demostraci\u00f3n\u00bb button_alignment=\u00bbright\u00bb _builder_version=\u00bb4.27.4&#8243; custom_button=\u00bbon\u00bb button_text_size=\u00bb12px\u00bb button_text_color=\u00bb#545454&#8243; button_border_color=\u00bb#545454&#8243; button_border_radius=\u00bb0px\u00bb button_letter_spacing=\u00bb0px\u00bb button_font=\u00bbMontserrat|800|||||||\u00bb button_icon=\u00bb&#x24;||divi||400&#8243; button_icon_color=\u00bb#E02B20&#8243; custom_margin=\u00bb14px|||||\u00bb custom_padding=\u00bb10px|20px|10px|20px|true|true\u00bb locked=\u00bboff\u00bb global_colors_info=\u00bb{}\u00bb theme_builder_area=\u00bbpost_content\u00bb sticky_enabled=\u00bb0&#8243;][\/et_pb_button][\/et_pb_column][\/et_pb_row][\/et_pb_section]<\/p>\n","protected":false},"excerpt":{"rendered":"<p>Distribuidor autorizado para Latinoam\u00e9rica Eval\u00faa tus fuentes de ingreso y compara el desempe\u00f1o de tus unidades de negocio. Responde preguntas claves para tu instituci\u00f3n en segundos. el RIS se comunica con cualquier modalidad para facilitar eficiencia y reducir errores por discrepancias. Mide el detalle fino del desempe\u00f1o m\u00e9dico. Eval\u00faa r\u00e1pidamente la productividad diaria de tus [&hellip;]<\/p>\n","protected":false},"author":1,"featured_media":0,"parent":0,"menu_order":0,"comment_status":"closed","ping_status":"closed","template":"","meta":{"_et_pb_use_builder":"on","_et_pb_old_content":"","_et_gb_content_width":"","footnotes":""},"class_list":["post-1923","page","type-page","status-publish","hentry"],"_links":{"self":[{"href":"https:\/\/globalis-pa.com\/nuevo\/wp-json\/wp\/v2\/pages\/1923","targetHints":{"allow":["GET"]}}],"collection":[{"href":"https:\/\/globalis-pa.com\/nuevo\/wp-json\/wp\/v2\/pages"}],"about":[{"href":"https:\/\/globalis-pa.com\/nuevo\/wp-json\/wp\/v2\/types\/page"}],"author":[{"embeddable":true,"href":"https:\/\/globalis-pa.com\/nuevo\/wp-json\/wp\/v2\/users\/1"}],"replies":[{"embeddable":true,"href":"https:\/\/globalis-pa.com\/nuevo\/wp-json\/wp\/v2\/comments?post=1923"}],"version-history":[{"count":8,"href":"https:\/\/globalis-pa.com\/nuevo\/wp-json\/wp\/v2\/pages\/1923\/revisions"}],"predecessor-version":[{"id":1951,"href":"https:\/\/globalis-pa.com\/nuevo\/wp-json\/wp\/v2\/pages\/1923\/revisions\/1951"}],"wp:attachment":[{"href":"https:\/\/globalis-pa.com\/nuevo\/wp-json\/wp\/v2\/media?parent=1923"}],"curies":[{"name":"wp","href":"https:\/\/api.w.org\/{rel}","templated":true}]}}