{"id":1773,"date":"2024-09-13T11:14:10","date_gmt":"2024-09-13T16:14:10","guid":{"rendered":"https:\/\/globalis-pa.com\/nuevo\/?page_id=1773"},"modified":"2024-09-13T11:14:10","modified_gmt":"2024-09-13T16:14:10","slug":"aviso-de-privacidad","status":"publish","type":"page","link":"https:\/\/globalis-pa.com\/nuevo\/aviso-de-privacidad\/","title":{"rendered":"Aviso de Privacidad"},"content":{"rendered":"<p>[et_pb_section fb_built=\u00bb1&#8243; admin_label=\u00bbHeader\u00bb _builder_version=\u00bb4.16&#8243; background_color=\u00bb#f6f7fb\u00bb min_height=\u00bb328px\u00bb custom_margin=\u00bb||-144px|||\u00bb custom_padding=\u00bb||0px|||\u00bb global_colors_info=\u00bb{}\u00bb theme_builder_area=\u00bbpost_content\u00bb][et_pb_row _builder_version=\u00bb4.16&#8243; min_height=\u00bb168px\u00bb custom_margin=\u00bb|auto|-38px|auto||\u00bb global_colors_info=\u00bb{}\u00bb theme_builder_area=\u00bbpost_content\u00bb][et_pb_column type=\u00bb4_4&#8243; _builder_version=\u00bb4.16&#8243; z_index=\u00bb10&#8243; custom_padding=\u00bb50px||||false|false\u00bb custom_padding_tablet=\u00bb0px|0px|||false|false\u00bb custom_padding_phone=\u00bb\u00bb custom_padding_last_edited=\u00bbon|tablet\u00bb global_colors_info=\u00bb{}\u00bb theme_builder_area=\u00bbpost_content\u00bb][et_pb_text _builder_version=\u00bb4.27.0&#8243; text_text_color=\u00bb#e02b20&#8243; header_font=\u00bbPoppins|800|||||||\u00bb header_text_color=\u00bb#000000&#8243; header_font_size=\u00bb59px\u00bb header_letter_spacing=\u00bb1px\u00bb header_line_height=\u00bb1.2em\u00bb custom_margin=\u00bb||8px||false|false\u00bb header_font_size_tablet=\u00bb40px\u00bb header_font_size_phone=\u00bb24px\u00bb header_font_size_last_edited=\u00bbon|desktop\u00bb locked=\u00bboff\u00bb global_colors_info=\u00bb{}\u00bb theme_builder_area=\u00bbpost_content\u00bb hover_enabled=\u00bb0&#8243; sticky_enabled=\u00bb0&#8243;]<\/p>\n<h1><span style=\"color: #e02b20;\">Aviso de Privacidad<\/span><\/h1>\n<p>[\/et_pb_text][et_pb_text _builder_version=\u00bb4.27.0&#8243; text_font=\u00bbPoppins||||||||\u00bb text_font_size=\u00bb15px\u00bb text_font_size_tablet=\u00bb15px\u00bb text_font_size_phone=\u00bb14px\u00bb text_font_size_last_edited=\u00bbon|desktop\u00bb locked=\u00bboff\u00bb global_colors_info=\u00bb{}\u00bb theme_builder_area=\u00bbpost_content\u00bb hover_enabled=\u00bb0&#8243; sticky_enabled=\u00bb0&#8243;]<\/p>\n<p><strong><span>Fecha de \u00faltima actualizaci\u00f3n: 07 de febrero del 2024<\/span><\/strong><\/p>\n<p><strong><span>\u00a0<\/span><\/strong><\/p>\n<p><strong><span>Global Imaging &amp; Science<\/span><\/strong><span> se compromete a proteger la privacidad y los datos personales de nuestros clientes, proveedores, y usuarios, en conformidad con las normativas vigentes en materia de protecci\u00f3n de datos personales aplicables en Panam\u00e1, Colombia y el resto de Latinoam\u00e9rica.<\/span><\/p>\n<p><span>\u00a0<\/span><\/p>\n<ol>\n<li><strong><span> Responsable del tratamiento de datos personales<\/span><\/strong><\/li>\n<\/ol>\n<p><strong><span>\u00a0<\/span><\/strong><\/p>\n<p><strong><span>Global Imaging &amp; Science<\/span><\/strong><span>, con domicilio en <strong>Av Juan Pablo II Centro Comercial Siglo XXI, Panam\u00e1, Betania, Ofc. 24<\/strong>, es responsable del tratamiento de sus datos personales. Para efectos de este aviso, cualquier consulta o solicitud relacionada con sus datos personales puede ser dirigida a trav\u00e9s del correo electr\u00f3nico <\/span><span><strong>administracion@globalis-pa.com<\/strong> o en el tel\u00e9fono <strong>+507 6816-6859<\/strong>.<\/span><\/p>\n<p><span>\u00a0<\/span><\/p>\n<ol start=\"2\">\n<li><strong><span> Finalidad del tratamiento de los datos personales<\/span><\/strong><\/li>\n<\/ol>\n<p><strong><span>\u00a0<\/span><\/strong><\/p>\n<p><span>Los datos personales que recabamos son utilizados para los siguientes fines:<\/span><\/p>\n<p><span>\u00a0<\/span><\/p>\n<ul>\n<li><span>Proveer los productos y servicios solicitados, tales como equipos y software m\u00e9dicos, educativos y de campo en nube.<\/span><\/li>\n<li><span>Mantener contacto para fines comerciales y operacionales.<\/span><\/li>\n<li><span>Gestionar facturaci\u00f3n y pagos.<\/span><\/li>\n<li><span>Cumplir con obligaciones legales y regulatorias en Panam\u00e1, Colombia y dem\u00e1s pa\u00edses donde operamos.<\/span><\/li>\n<li><span>Realizar an\u00e1lisis de mercado y mejorar nuestra oferta de productos y servicios.<\/span><\/li>\n<li><span>Enviar informaci\u00f3n promocional o de marketing en caso de contar con su consentimiento expreso.<\/span><\/li>\n<\/ul>\n<p><span>\u00a0<\/span><\/p>\n<ol start=\"3\">\n<li><strong><span> Datos personales recopilados<\/span><\/strong><\/li>\n<\/ol>\n<p><strong><span>\u00a0<\/span><\/strong><\/p>\n<p><span>Los datos personales que podemos recopilar incluyen, pero no se limitan a:<\/span><\/p>\n<p><span>\u00a0<\/span><\/p>\n<ul>\n<li><span>Nombre completo, identificaci\u00f3n y datos de contacto.<\/span><\/li>\n<li><span>Informaci\u00f3n financiera y bancaria para el procesamiento de pagos.<\/span><\/li>\n<li><span>Informaci\u00f3n relacionada con las necesidades y preferencias de los productos y servicios ofrecidos.<\/span><\/li>\n<li><span>Cualquier otro dato necesario para la prestaci\u00f3n de nuestros servicios.<\/span><\/li>\n<\/ul>\n<p><span>\u00a0<\/span><span>\u00a0<\/span><\/p>\n<ol start=\"4\">\n<li><strong><span> Transferencia de datos personales<\/span><\/strong><\/li>\n<\/ol>\n<p><strong><span>\u00a0<\/span><\/strong><\/p>\n<p><strong><span>Global Imaging &amp; Science<\/span><\/strong><span> no compartir\u00e1 sus datos personales con terceros, excepto en los siguientes casos:<\/span><\/p>\n<p><span>\u00a0<\/span><\/p>\n<ul>\n<li><span>Cuando sea necesario para cumplir con regulaciones o procesos legales en Colombia, Panam\u00e1 u otras jurisdicciones aplicables.<\/span><\/li>\n<li><span>Cuando sea requerido para la prestaci\u00f3n de los servicios solicitados (ej. transporte, soporte t\u00e9cnico, etc.).<\/span><\/li>\n<li><span>Con proveedores de servicios, bajo contratos que aseguren la debida protecci\u00f3n de sus datos personales.<\/span><\/li>\n<\/ul>\n<p><span>\u00a0<\/span><\/p>\n<ol start=\"5\">\n<li><strong><span> Derechos de los titulares de los datos<\/span><\/strong><\/li>\n<\/ol>\n<p><strong><span>\u00a0<\/span><\/strong><\/p>\n<p><span>Los titulares de los datos personales tienen derecho a:<\/span><\/p>\n<p><span>\u00a0<\/span><\/p>\n<ul>\n<li><span>Acceder, actualizar, rectificar o solicitar la eliminaci\u00f3n de sus datos personales.<\/span><\/li>\n<li><span>Revocar su consentimiento para el tratamiento de sus datos en cualquier momento.<\/span><\/li>\n<li><span>Presentar reclamos ante las autoridades correspondientes en caso de considerar que sus derechos han sido vulnerados.<\/span><\/li>\n<\/ul>\n<p><span>\u00a0<\/span><\/p>\n<p><span>Para ejercer sus derechos, puede contactarnos a trav\u00e9s del correo <strong>administracion@globalis-pa.com<\/strong> o del tel\u00e9fono <strong>+507 6816-6859<\/strong>. Su solicitud ser\u00e1 atendida dentro de los plazos establecidos por la normativa aplicable.<\/span><\/p>\n<p><span>\u00a0<\/span><\/p>\n<ol start=\"6\">\n<li><strong><span> Medidas de seguridad<\/span><\/strong><\/li>\n<\/ol>\n<p><strong><span>\u00a0<\/span><\/strong><\/p>\n<p><strong><span>Global Imaging &amp; Science<\/span><\/strong><span> implementa medidas de seguridad f\u00edsicas, t\u00e9cnicas y administrativas para proteger los datos personales contra el acceso no autorizado, p\u00e9rdida, alteraci\u00f3n o divulgaci\u00f3n indebida.<\/span><\/p>\n<p><span>\u00a0<\/span><\/p>\n<ol start=\"7\">\n<li><strong><span> Modificaciones al Aviso de Privacidad<\/span><\/strong><\/li>\n<\/ol>\n<p><strong><span>\u00a0<\/span><\/strong><\/p>\n<p><span>Este aviso de privacidad puede ser modificado en cualquier momento. Cualquier cambio ser\u00e1 informado a trav\u00e9s de nuestro sitio web o por otros medios adecuados.<\/span><\/p>\n<p><span>\u00a0<\/span><\/p>\n<ol start=\"8\">\n<li><strong><span> Aceptaci\u00f3n de este Aviso de Privacidad<\/span><\/strong><\/li>\n<\/ol>\n<p><strong><span>\u00a0<\/span><\/strong><\/p>\n<p>Al proporcionar sus datos personales, usted declara haber le\u00eddo y aceptado los t\u00e9rminos de este Aviso de Privacidad.<\/p>\n<p>[\/et_pb_text][\/et_pb_column][\/et_pb_row][\/et_pb_section]<\/p>\n","protected":false},"excerpt":{"rendered":"<p>Aviso de PrivacidadFecha de \u00faltima actualizaci\u00f3n: 07 de febrero del 2024 \u00a0 Global Imaging &amp; Science se compromete a proteger la privacidad y los datos personales de nuestros clientes, proveedores, y usuarios, en conformidad con las normativas vigentes en materia de protecci\u00f3n de datos personales aplicables en Panam\u00e1, Colombia y el resto de Latinoam\u00e9rica. \u00a0 [&hellip;]<\/p>\n","protected":false},"author":1,"featured_media":0,"parent":0,"menu_order":0,"comment_status":"closed","ping_status":"closed","template":"","meta":{"_et_pb_use_builder":"on","_et_pb_old_content":"","_et_gb_content_width":"","footnotes":""},"class_list":["post-1773","page","type-page","status-publish","hentry"],"_links":{"self":[{"href":"https:\/\/globalis-pa.com\/nuevo\/wp-json\/wp\/v2\/pages\/1773","targetHints":{"allow":["GET"]}}],"collection":[{"href":"https:\/\/globalis-pa.com\/nuevo\/wp-json\/wp\/v2\/pages"}],"about":[{"href":"https:\/\/globalis-pa.com\/nuevo\/wp-json\/wp\/v2\/types\/page"}],"author":[{"embeddable":true,"href":"https:\/\/globalis-pa.com\/nuevo\/wp-json\/wp\/v2\/users\/1"}],"replies":[{"embeddable":true,"href":"https:\/\/globalis-pa.com\/nuevo\/wp-json\/wp\/v2\/comments?post=1773"}],"version-history":[{"count":2,"href":"https:\/\/globalis-pa.com\/nuevo\/wp-json\/wp\/v2\/pages\/1773\/revisions"}],"predecessor-version":[{"id":1776,"href":"https:\/\/globalis-pa.com\/nuevo\/wp-json\/wp\/v2\/pages\/1773\/revisions\/1776"}],"wp:attachment":[{"href":"https:\/\/globalis-pa.com\/nuevo\/wp-json\/wp\/v2\/media?parent=1773"}],"curies":[{"name":"wp","href":"https:\/\/api.w.org\/{rel}","templated":true}]}}