{"id":13,"date":"2023-09-18T21:54:45","date_gmt":"2023-09-19T02:54:45","guid":{"rendered":"https:\/\/globalis-pa.com\/nuevo\/?page_id=13"},"modified":"2024-02-13T21:53:31","modified_gmt":"2024-02-14T02:53:31","slug":"nuestra-empresa","status":"publish","type":"page","link":"https:\/\/globalis-pa.com\/nuevo\/nuestra-empresa\/","title":{"rendered":"Nuestra Empresa"},"content":{"rendered":"<p>[et_pb_section fb_built=\u00bb1&#8243; admin_label=\u00bbHeader\u00bb _builder_version=\u00bb4.16&#8243; background_color=\u00bb#f6f7fb\u00bb min_height=\u00bb328px\u00bb custom_margin=\u00bb||-144px|||\u00bb custom_padding=\u00bb||0px|||\u00bb global_colors_info=\u00bb{}\u00bb][et_pb_row _builder_version=\u00bb4.16&#8243; min_height=\u00bb168px\u00bb custom_margin=\u00bb|auto|-38px|auto||\u00bb global_colors_info=\u00bb{}\u00bb][et_pb_column type=\u00bb4_4&#8243; _builder_version=\u00bb4.16&#8243; z_index=\u00bb10&#8243; custom_padding=\u00bb50px||||false|false\u00bb custom_padding_tablet=\u00bb0px|0px|||false|false\u00bb custom_padding_phone=\u00bb\u00bb custom_padding_last_edited=\u00bbon|tablet\u00bb global_colors_info=\u00bb{}\u00bb][et_pb_text _builder_version=\u00bb4.22.2&#8243; text_text_color=\u00bb#e02b20&#8243; header_font=\u00bbPoppins|800|||||||\u00bb header_text_color=\u00bb#000000&#8243; header_font_size=\u00bb59px\u00bb header_letter_spacing=\u00bb1px\u00bb header_line_height=\u00bb1.2em\u00bb custom_margin=\u00bb||8px||false|false\u00bb hover_enabled=\u00bb0&#8243; header_font_size_tablet=\u00bb40px\u00bb header_font_size_phone=\u00bb24px\u00bb header_font_size_last_edited=\u00bbon|desktop\u00bb locked=\u00bboff\u00bb global_colors_info=\u00bb{}\u00bb sticky_enabled=\u00bb0&#8243;]<\/p>\n<h1><span style=\"color: #e02b20;\">\u00bfQui\u00e9nes Somos?<\/span><\/h1>\n<p>[\/et_pb_text][et_pb_text _builder_version=\u00bb4.22.2&#8243; text_font=\u00bbPoppins||||||||\u00bb text_font_size=\u00bb18px\u00bb hover_enabled=\u00bb0&#8243; text_font_size_tablet=\u00bb15px\u00bb text_font_size_phone=\u00bb14px\u00bb text_font_size_last_edited=\u00bbon|desktop\u00bb locked=\u00bboff\u00bb global_colors_info=\u00bb{}\u00bb sticky_enabled=\u00bb0&#8243;]<\/p>\n<p>Somos una empresa de tecnolog\u00eda, especializada en la implementaci\u00f3n de soluciones avanzadas con enfoque en sistemas m\u00e9dicos digitales para todo el ecosistema de salud.<\/p>\n<p>[\/et_pb_text][\/et_pb_column][\/et_pb_row][et_pb_row column_structure=\u00bb1_3,1_3,1_3&#8243; _builder_version=\u00bb4.16&#8243; min_height=\u00bb168px\u00bb custom_margin=\u00bb|auto|-38px|auto||\u00bb global_colors_info=\u00bb{}\u00bb][et_pb_column type=\u00bb1_3&#8243; _builder_version=\u00bb4.16&#8243; z_index=\u00bb10&#8243; custom_padding=\u00bb50px||||false|false\u00bb custom_padding_tablet=\u00bb0px|0px|||false|false\u00bb custom_padding_phone=\u00bb\u00bb custom_padding_last_edited=\u00bbon|tablet\u00bb global_colors_info=\u00bb{}\u00bb][et_pb_text _builder_version=\u00bb4.22.2&#8243; text_text_color=\u00bb#e02b20&#8243; header_font=\u00bbPoppins|800|||||||\u00bb header_text_color=\u00bb#000000&#8243; header_font_size=\u00bb80px\u00bb header_letter_spacing=\u00bb1px\u00bb header_line_height=\u00bb1.2em\u00bb custom_margin=\u00bb||8px||false|false\u00bb hover_enabled=\u00bb0&#8243; header_font_size_tablet=\u00bb40px\u00bb header_font_size_phone=\u00bb24px\u00bb header_font_size_last_edited=\u00bbon|desktop\u00bb locked=\u00bboff\u00bb global_colors_info=\u00bb{}\u00bb sticky_enabled=\u00bb0&#8243;]<\/p>\n<h1 style=\"text-align: center;\"><span style=\"color: #e02b20; font-size: xx-large;\">Objetivo<\/span><\/h1>\n<p>[\/et_pb_text][et_pb_text _builder_version=\u00bb4.22.2&#8243; text_font=\u00bbPoppins||||||||\u00bb text_font_size=\u00bb20px\u00bb custom_padding=\u00bb||0px|||\u00bb hover_enabled=\u00bb0&#8243; text_font_size_tablet=\u00bb15px\u00bb text_font_size_phone=\u00bb14px\u00bb text_font_size_last_edited=\u00bbon|desktop\u00bb locked=\u00bboff\u00bb global_colors_info=\u00bb{}\u00bb sticky_enabled=\u00bb0&#8243;]<\/p>\n<p style=\"text-align: center;\"><span style=\"font-size: medium;\">Ser su socio estrat\u00e9gico de soluciones tecnol\u00f3gicas confiables, seguras y de alto rendimiento.<\/span><\/p>\n<p>[\/et_pb_text][\/et_pb_column][et_pb_column type=\u00bb1_3&#8243; _builder_version=\u00bb4.16&#8243; z_index=\u00bb10&#8243; custom_padding=\u00bb50px||||false|false\u00bb custom_padding_tablet=\u00bb0px|0px|||false|false\u00bb custom_padding_phone=\u00bb\u00bb custom_padding_last_edited=\u00bbon|tablet\u00bb global_colors_info=\u00bb{}\u00bb][et_pb_text _builder_version=\u00bb4.16&#8243; text_text_color=\u00bb#e02b20&#8243; header_font=\u00bbPoppins|800|||||||\u00bb header_text_color=\u00bb#000000&#8243; header_font_size=\u00bb80px\u00bb header_letter_spacing=\u00bb1px\u00bb header_line_height=\u00bb1.2em\u00bb custom_margin=\u00bb||8px||false|false\u00bb header_font_size_tablet=\u00bb40px\u00bb header_font_size_phone=\u00bb24px\u00bb header_font_size_last_edited=\u00bbon|desktop\u00bb locked=\u00bboff\u00bb global_colors_info=\u00bb{}\u00bb]<\/p>\n<h1 style=\"text-align: center;\"><span style=\"color: #e02b20; font-size: xx-large;\">Misi\u00f3n<\/span><\/h1>\n<p>[\/et_pb_text][et_pb_text _builder_version=\u00bb4.22.2&#8243; text_font=\u00bbPoppins||||||||\u00bb text_font_size=\u00bb20px\u00bb custom_padding=\u00bb||0px|||\u00bb text_font_size_tablet=\u00bb15px\u00bb text_font_size_phone=\u00bb14px\u00bb text_font_size_last_edited=\u00bbon|desktop\u00bb locked=\u00bboff\u00bb global_colors_info=\u00bb{}\u00bb]<\/p>\n<p style=\"text-align: center;\"><span style=\"font-size: medium;\">Brindar tecnolog\u00eda m\u00e9dica segura,<\/span><br \/><span style=\"font-size: medium;\">confiable, estable, durable y escalable para mejorar los flujos de trabajo y la experiencia de paciente.<\/span><\/p>\n<p>[\/et_pb_text][\/et_pb_column][et_pb_column type=\u00bb1_3&#8243; _builder_version=\u00bb4.16&#8243; z_index=\u00bb10&#8243; custom_padding=\u00bb50px||||false|false\u00bb custom_padding_tablet=\u00bb0px|0px|||false|false\u00bb custom_padding_phone=\u00bb\u00bb custom_padding_last_edited=\u00bbon|tablet\u00bb global_colors_info=\u00bb{}\u00bb][et_pb_text _builder_version=\u00bb4.16&#8243; text_text_color=\u00bb#e02b20&#8243; header_font=\u00bbPoppins|800|||||||\u00bb header_text_color=\u00bb#000000&#8243; header_font_size=\u00bb80px\u00bb header_letter_spacing=\u00bb1px\u00bb header_line_height=\u00bb1.2em\u00bb custom_margin=\u00bb||8px||false|false\u00bb header_font_size_tablet=\u00bb40px\u00bb header_font_size_phone=\u00bb24px\u00bb header_font_size_last_edited=\u00bbon|desktop\u00bb locked=\u00bboff\u00bb global_colors_info=\u00bb{}\u00bb]<\/p>\n<h1 style=\"text-align: center;\"><span style=\"color: #e02b20; font-size: xx-large;\">Visi\u00f3n<\/span><\/h1>\n<p>[\/et_pb_text][et_pb_text _builder_version=\u00bb4.22.2&#8243; text_font=\u00bbPoppins||||||||\u00bb text_font_size=\u00bb20px\u00bb custom_padding=\u00bb||0px|||\u00bb text_font_size_tablet=\u00bb15px\u00bb text_font_size_phone=\u00bb14px\u00bb text_font_size_last_edited=\u00bbon|desktop\u00bb locked=\u00bboff\u00bb global_colors_info=\u00bb{}\u00bb]<\/p>\n<p style=\"text-align: center;\"><span style=\"font-size: medium;\">Liderar la transformaci\u00f3n digital en salud, para automatizar y mejorar los flujos de trabajo de nuestros usuarios.<\/span><br \/><span style=\"font-size: medium;\">Incorporando en nuestras soluciones complementos de Hardware adecuados para el ecosistema de salud.<\/span><\/p>\n<p>[\/et_pb_text][\/et_pb_column][\/et_pb_row][\/et_pb_section]<\/p>\n","protected":false},"excerpt":{"rendered":"<p>\u00bfQui\u00e9nes Somos?Somos una empresa de tecnolog\u00eda, especializada en la implementaci\u00f3n de soluciones avanzadas con enfoque en sistemas m\u00e9dicos digitales para todo el ecosistema de salud.ObjetivoSer su socio estrat\u00e9gico de soluciones tecnol\u00f3gicas confiables, seguras y de alto rendimiento.Misi\u00f3nBrindar tecnolog\u00eda m\u00e9dica segura,confiable, estable, durable y escalable para mejorar los flujos de trabajo y la experiencia de paciente.Visi\u00f3nLiderar [&hellip;]<\/p>\n","protected":false},"author":1,"featured_media":0,"parent":0,"menu_order":0,"comment_status":"closed","ping_status":"closed","template":"","meta":{"_et_pb_use_builder":"on","_et_pb_old_content":"","_et_gb_content_width":"","footnotes":""},"class_list":["post-13","page","type-page","status-publish","hentry"],"_links":{"self":[{"href":"https:\/\/globalis-pa.com\/nuevo\/wp-json\/wp\/v2\/pages\/13","targetHints":{"allow":["GET"]}}],"collection":[{"href":"https:\/\/globalis-pa.com\/nuevo\/wp-json\/wp\/v2\/pages"}],"about":[{"href":"https:\/\/globalis-pa.com\/nuevo\/wp-json\/wp\/v2\/types\/page"}],"author":[{"embeddable":true,"href":"https:\/\/globalis-pa.com\/nuevo\/wp-json\/wp\/v2\/users\/1"}],"replies":[{"embeddable":true,"href":"https:\/\/globalis-pa.com\/nuevo\/wp-json\/wp\/v2\/comments?post=13"}],"version-history":[{"count":6,"href":"https:\/\/globalis-pa.com\/nuevo\/wp-json\/wp\/v2\/pages\/13\/revisions"}],"predecessor-version":[{"id":1333,"href":"https:\/\/globalis-pa.com\/nuevo\/wp-json\/wp\/v2\/pages\/13\/revisions\/1333"}],"wp:attachment":[{"href":"https:\/\/globalis-pa.com\/nuevo\/wp-json\/wp\/v2\/media?parent=13"}],"curies":[{"name":"wp","href":"https:\/\/api.w.org\/{rel}","templated":true}]}}